{"id":356,"date":"2023-06-15T12:17:51","date_gmt":"2023-06-15T12:17:51","guid":{"rendered":"https:\/\/jolek.se\/produkter\/"},"modified":"2024-02-03T04:47:55","modified_gmt":"2024-02-03T04:47:55","slug":"produkter","status":"publish","type":"page","link":"https:\/\/jolek.se\/no\/produkter\/","title":{"rendered":"Produkter"},"content":{"rendered":"<h1>Det er mer enn pallben<\/h1>\n<p>V\u00e5r bestrebelse er \u00e5 tilby deg, bedriftseieren, langsiktige l\u00f8sninger som er skreddersydd for dine unike behov. Vi er ikke bare et selskap; vi er en familie som verdsetter samarbeid med deg som kunde. Ved \u00e5 jobbe sammen streber vi etter \u00e5 utvikle konsepter som ikke bare oppfyller, men overg\u00e5r dine forventninger.<\/p>\n<p>Enten du opererer i en liten eller stor organisasjon, i enhver bransje, er vi her for \u00e5 hjelpe deg med \u00e5 skape og forbedre konsepter. V\u00e5re l\u00f8sninger er robuste og holder trykket.<\/p>\n<p>Enten det handler om \u00e5 h\u00e5ndtere \u00f8kte volumer eller \u00e5 skape effektive skjermer i et detaljhandelsmilj\u00f8, har vi erfaringen og kompetansen som kreves. Vi ser frem til \u00e5 v\u00e6re din p\u00e5litelige leverand\u00f8r n\u00e5r det gjelder \u00e5 m\u00f8te og overg\u00e5 dine krav og \u00f8nsker. Dette er l\u00f8sninger som letter trykket.<\/p>\n<p>&nbsp;<\/p>\n<p><a href=\"https:\/\/jolek.se\/no\/kontakt\/\">Kontakt oss!<\/a><\/p>\n","protected":false},"excerpt":{"rendered":"<p>Det er mer enn pallben V\u00e5r bestrebelse er \u00e5 tilby deg, bedriftseieren, langsiktige l\u00f8sninger som er skreddersydd for dine unike behov. Vi er ikke bare et selskap; vi er en familie som verdsetter samarbeid med deg som kunde. Ved \u00e5 jobbe sammen streber vi etter \u00e5 utvikle konsepter som ikke bare oppfyller, men overg\u00e5r dine [&hellip;]<\/p>\n","protected":false},"author":1,"featured_media":0,"parent":0,"menu_order":0,"comment_status":"closed","ping_status":"closed","template":"page_products.php","meta":{"_acf_changed":false,"footnotes":""},"class_list":["post-356","page","type-page","status-publish","hentry"],"acf":[],"yoast_head":"<!-- This site is optimized with the Yoast SEO plugin v27.3 - https:\/\/yoast.com\/product\/yoast-seo-wordpress\/ -->\n<title>Storsekkholder, pallben og palltrekk - Jolek<\/title>\n<meta name=\"description\" content=\"Storsekkholder, pallben og palltrekk fra Jolek t\u00e5ler presset. Vi har l\u00f8sningen n\u00e5r du \u00f8nsker \u00e5 videreutvikle deres konsept.\" \/>\n<meta name=\"robots\" content=\"index, follow, max-snippet:-1, max-image-preview:large, max-video-preview:-1\" \/>\n<link rel=\"canonical\" href=\"https:\/\/jolek.se\/no\/produkter\/\" \/>\n<meta property=\"og:locale\" content=\"nb_NO\" \/>\n<meta property=\"og:type\" content=\"article\" \/>\n<meta property=\"og:title\" content=\"Storsekkholder, pallben og palltrekk - Jolek\" \/>\n<meta property=\"og:description\" content=\"Storsekkholder, pallben og palltrekk fra Jolek t\u00e5ler presset. Vi har l\u00f8sningen n\u00e5r du \u00f8nsker \u00e5 videreutvikle deres konsept.\" \/>\n<meta property=\"og:url\" content=\"https:\/\/jolek.se\/no\/produkter\/\" \/>\n<meta property=\"og:site_name\" content=\"Jolek\" \/>\n<meta property=\"article:publisher\" content=\"https:\/\/www.facebook.com\/www.jolek.se\" \/>\n<meta property=\"article:modified_time\" content=\"2024-02-03T04:47:55+00:00\" \/>\n<meta name=\"twitter:card\" content=\"summary_large_image\" \/>\n<meta name=\"twitter:label1\" content=\"Ansl. lesetid\" \/>\n\t<meta name=\"twitter:data1\" content=\"1 minutt\" \/>\n<script type=\"application\/ld+json\" class=\"yoast-schema-graph\">{\"@context\":\"https:\\\/\\\/schema.org\",\"@graph\":[{\"@type\":\"WebPage\",\"@id\":\"https:\\\/\\\/jolek.se\\\/no\\\/produkter\\\/\",\"url\":\"https:\\\/\\\/jolek.se\\\/no\\\/produkter\\\/\",\"name\":\"Storsekkholder, pallben og palltrekk - Jolek\",\"isPartOf\":{\"@id\":\"http:\\\/\\\/jolek.se\\\/no\\\/#website\"},\"datePublished\":\"2023-06-15T12:17:51+00:00\",\"dateModified\":\"2024-02-03T04:47:55+00:00\",\"description\":\"Storsekkholder, pallben og palltrekk fra Jolek t\u00e5ler presset. Vi har l\u00f8sningen n\u00e5r du \u00f8nsker \u00e5 videreutvikle deres konsept.\",\"breadcrumb\":{\"@id\":\"https:\\\/\\\/jolek.se\\\/no\\\/produkter\\\/#breadcrumb\"},\"inLanguage\":\"nb-NO\",\"potentialAction\":[{\"@type\":\"ReadAction\",\"target\":[\"https:\\\/\\\/jolek.se\\\/no\\\/produkter\\\/\"]}]},{\"@type\":\"BreadcrumbList\",\"@id\":\"https:\\\/\\\/jolek.se\\\/no\\\/produkter\\\/#breadcrumb\",\"itemListElement\":[{\"@type\":\"ListItem\",\"position\":1,\"name\":\"Hem\",\"item\":\"http:\\\/\\\/jolek.se\\\/no\\\/\"},{\"@type\":\"ListItem\",\"position\":2,\"name\":\"Produkter\"}]},{\"@type\":\"WebSite\",\"@id\":\"http:\\\/\\\/jolek.se\\\/no\\\/#website\",\"url\":\"http:\\\/\\\/jolek.se\\\/no\\\/\",\"name\":\"Jolek\",\"description\":\"Jolek\",\"publisher\":{\"@id\":\"http:\\\/\\\/jolek.se\\\/no\\\/#organization\"},\"potentialAction\":[{\"@type\":\"SearchAction\",\"target\":{\"@type\":\"EntryPoint\",\"urlTemplate\":\"http:\\\/\\\/jolek.se\\\/no\\\/?s={search_term_string}\"},\"query-input\":{\"@type\":\"PropertyValueSpecification\",\"valueRequired\":true,\"valueName\":\"search_term_string\"}}],\"inLanguage\":\"nb-NO\"},{\"@type\":\"Organization\",\"@id\":\"http:\\\/\\\/jolek.se\\\/no\\\/#organization\",\"name\":\"Jolek i Tran\u00e5s AB\",\"alternateName\":\"Jolek AB\",\"url\":\"http:\\\/\\\/jolek.se\\\/no\\\/\",\"logo\":{\"@type\":\"ImageObject\",\"inLanguage\":\"nb-NO\",\"@id\":\"http:\\\/\\\/jolek.se\\\/no\\\/#\\\/schema\\\/logo\\\/image\\\/\",\"url\":\"https:\\\/\\\/jolek.se\\\/wp-content\\\/uploads\\\/2026\\\/02\\\/jolek-logotyp-bla-scaled.png\",\"contentUrl\":\"https:\\\/\\\/jolek.se\\\/wp-content\\\/uploads\\\/2026\\\/02\\\/jolek-logotyp-bla-scaled.png\",\"width\":2560,\"height\":741,\"caption\":\"Jolek i Tran\u00e5s AB\"},\"image\":{\"@id\":\"http:\\\/\\\/jolek.se\\\/no\\\/#\\\/schema\\\/logo\\\/image\\\/\"},\"sameAs\":[\"https:\\\/\\\/www.facebook.com\\\/www.jolek.se\",\"https:\\\/\\\/www.linkedin.com\\\/company\\\/jolek-ab\\\/?viewAsMember=true\"]}]}<\/script>\n<!-- \/ Yoast SEO plugin. -->","yoast_head_json":{"title":"Storsekkholder, pallben og palltrekk - Jolek","description":"Storsekkholder, pallben og palltrekk fra Jolek t\u00e5ler presset. Vi har l\u00f8sningen n\u00e5r du \u00f8nsker \u00e5 videreutvikle deres konsept.","robots":{"index":"index","follow":"follow","max-snippet":"max-snippet:-1","max-image-preview":"max-image-preview:large","max-video-preview":"max-video-preview:-1"},"canonical":"https:\/\/jolek.se\/no\/produkter\/","og_locale":"nb_NO","og_type":"article","og_title":"Storsekkholder, pallben og palltrekk - Jolek","og_description":"Storsekkholder, pallben og palltrekk fra Jolek t\u00e5ler presset. Vi har l\u00f8sningen n\u00e5r du \u00f8nsker \u00e5 videreutvikle deres konsept.","og_url":"https:\/\/jolek.se\/no\/produkter\/","og_site_name":"Jolek","article_publisher":"https:\/\/www.facebook.com\/www.jolek.se","article_modified_time":"2024-02-03T04:47:55+00:00","twitter_card":"summary_large_image","twitter_misc":{"Ansl. lesetid":"1 minutt"},"schema":{"@context":"https:\/\/schema.org","@graph":[{"@type":"WebPage","@id":"https:\/\/jolek.se\/no\/produkter\/","url":"https:\/\/jolek.se\/no\/produkter\/","name":"Storsekkholder, pallben og palltrekk - Jolek","isPartOf":{"@id":"http:\/\/jolek.se\/no\/#website"},"datePublished":"2023-06-15T12:17:51+00:00","dateModified":"2024-02-03T04:47:55+00:00","description":"Storsekkholder, pallben og palltrekk fra Jolek t\u00e5ler presset. Vi har l\u00f8sningen n\u00e5r du \u00f8nsker \u00e5 videreutvikle deres konsept.","breadcrumb":{"@id":"https:\/\/jolek.se\/no\/produkter\/#breadcrumb"},"inLanguage":"nb-NO","potentialAction":[{"@type":"ReadAction","target":["https:\/\/jolek.se\/no\/produkter\/"]}]},{"@type":"BreadcrumbList","@id":"https:\/\/jolek.se\/no\/produkter\/#breadcrumb","itemListElement":[{"@type":"ListItem","position":1,"name":"Hem","item":"http:\/\/jolek.se\/no\/"},{"@type":"ListItem","position":2,"name":"Produkter"}]},{"@type":"WebSite","@id":"http:\/\/jolek.se\/no\/#website","url":"http:\/\/jolek.se\/no\/","name":"Jolek","description":"Jolek","publisher":{"@id":"http:\/\/jolek.se\/no\/#organization"},"potentialAction":[{"@type":"SearchAction","target":{"@type":"EntryPoint","urlTemplate":"http:\/\/jolek.se\/no\/?s={search_term_string}"},"query-input":{"@type":"PropertyValueSpecification","valueRequired":true,"valueName":"search_term_string"}}],"inLanguage":"nb-NO"},{"@type":"Organization","@id":"http:\/\/jolek.se\/no\/#organization","name":"Jolek i Tran\u00e5s AB","alternateName":"Jolek AB","url":"http:\/\/jolek.se\/no\/","logo":{"@type":"ImageObject","inLanguage":"nb-NO","@id":"http:\/\/jolek.se\/no\/#\/schema\/logo\/image\/","url":"https:\/\/jolek.se\/wp-content\/uploads\/2026\/02\/jolek-logotyp-bla-scaled.png","contentUrl":"https:\/\/jolek.se\/wp-content\/uploads\/2026\/02\/jolek-logotyp-bla-scaled.png","width":2560,"height":741,"caption":"Jolek i Tran\u00e5s AB"},"image":{"@id":"http:\/\/jolek.se\/no\/#\/schema\/logo\/image\/"},"sameAs":["https:\/\/www.facebook.com\/www.jolek.se","https:\/\/www.linkedin.com\/company\/jolek-ab\/?viewAsMember=true"]}]}},"_links":{"self":[{"href":"https:\/\/jolek.se\/no\/wp-json\/wp\/v2\/pages\/356","targetHints":{"allow":["GET"]}}],"collection":[{"href":"https:\/\/jolek.se\/no\/wp-json\/wp\/v2\/pages"}],"about":[{"href":"https:\/\/jolek.se\/no\/wp-json\/wp\/v2\/types\/page"}],"author":[{"embeddable":true,"href":"https:\/\/jolek.se\/no\/wp-json\/wp\/v2\/users\/1"}],"replies":[{"embeddable":true,"href":"https:\/\/jolek.se\/no\/wp-json\/wp\/v2\/comments?post=356"}],"version-history":[{"count":5,"href":"https:\/\/jolek.se\/no\/wp-json\/wp\/v2\/pages\/356\/revisions"}],"predecessor-version":[{"id":608,"href":"https:\/\/jolek.se\/no\/wp-json\/wp\/v2\/pages\/356\/revisions\/608"}],"wp:attachment":[{"href":"https:\/\/jolek.se\/no\/wp-json\/wp\/v2\/media?parent=356"}],"curies":[{"name":"wp","href":"https:\/\/api.w.org\/{rel}","templated":true}]}}