{"id":358,"date":"2023-06-15T12:18:01","date_gmt":"2023-06-15T12:18:01","guid":{"rendered":"https:\/\/jolek.se\/aterforsaljare\/"},"modified":"2024-02-17T05:21:22","modified_gmt":"2024-02-17T05:21:22","slug":"aterforsaljare","status":"publish","type":"page","link":"https:\/\/jolek.se\/no\/aterforsaljare\/","title":{"rendered":"Forhandlere"},"content":{"rendered":"<h1>Forhandlere<\/h1>\n<p>Vi arbeider med forhandlere rundt om i landet og i Europa.<br \/>\nV\u00e5re forhandlere er enormt viktige for oss og vi arbeider stadig med \u00e5 forbedre v\u00e5rt samarbeid med b\u00e5de nye og eksisterende forhandlere.<\/p>\n<p>&nbsp;<\/p>\n<p>For \u00e5 kunne tilby v\u00e5re produkter til flere kunder leter vi alltid etter nye forhandlere. Er du interessert i \u00e5 arbeide med v\u00e5re produkter? Kontakt oss for mer informasjon.<\/p>\n","protected":false},"excerpt":{"rendered":"<p>Forhandlere Vi arbeider med forhandlere rundt om i landet og i Europa. V\u00e5re forhandlere er enormt viktige for oss og vi arbeider stadig med \u00e5 forbedre v\u00e5rt samarbeid med b\u00e5de nye og eksisterende forhandlere. &nbsp; For \u00e5 kunne tilby v\u00e5re produkter til flere kunder leter vi alltid etter nye forhandlere. Er du interessert i \u00e5 [&hellip;]<\/p>\n","protected":false},"author":2,"featured_media":572,"parent":0,"menu_order":0,"comment_status":"closed","ping_status":"closed","template":"page_retailers.php","meta":{"_acf_changed":false,"footnotes":""},"class_list":["post-358","page","type-page","status-publish","has-post-thumbnail","hentry"],"acf":[],"yoast_head":"<!-- This site is optimized with the Yoast SEO plugin v27.3 - https:\/\/yoast.com\/product\/yoast-seo-wordpress\/ -->\n<title>Forhandlere - Jolek<\/title>\n<meta name=\"description\" content=\"Jolek har forhandlere rundt om i landet og utenfor Europa. Bes\u00f8k siden v\u00e5r eller kontakt oss for \u00e5 finne forhandlere av produktene v\u00e5re.\" \/>\n<meta name=\"robots\" content=\"index, follow, max-snippet:-1, max-image-preview:large, max-video-preview:-1\" \/>\n<link rel=\"canonical\" href=\"https:\/\/jolek.se\/no\/aterforsaljare\/\" \/>\n<meta property=\"og:locale\" content=\"nb_NO\" \/>\n<meta property=\"og:type\" content=\"article\" \/>\n<meta property=\"og:title\" content=\"Forhandlere - Jolek\" \/>\n<meta property=\"og:description\" content=\"Jolek har forhandlere rundt om i landet og utenfor Europa. Bes\u00f8k siden v\u00e5r eller kontakt oss for \u00e5 finne forhandlere av produktene v\u00e5re.\" \/>\n<meta property=\"og:url\" content=\"https:\/\/jolek.se\/no\/aterforsaljare\/\" \/>\n<meta property=\"og:site_name\" content=\"Jolek\" \/>\n<meta property=\"article:publisher\" content=\"https:\/\/www.facebook.com\/www.jolek.se\" \/>\n<meta property=\"article:modified_time\" content=\"2024-02-17T05:21:22+00:00\" \/>\n<meta property=\"og:image\" content=\"http:\/\/jolek.se\/wp-content\/uploads\/2023\/06\/pallvagn-scaled.jpg\" \/>\n\t<meta property=\"og:image:width\" content=\"2560\" \/>\n\t<meta property=\"og:image:height\" content=\"2048\" \/>\n\t<meta property=\"og:image:type\" content=\"image\/jpeg\" \/>\n<meta name=\"twitter:card\" content=\"summary_large_image\" \/>\n<meta name=\"twitter:label1\" content=\"Ansl. lesetid\" \/>\n\t<meta name=\"twitter:data1\" content=\"1 minutt\" \/>\n<script type=\"application\/ld+json\" class=\"yoast-schema-graph\">{\"@context\":\"https:\\\/\\\/schema.org\",\"@graph\":[{\"@type\":\"WebPage\",\"@id\":\"https:\\\/\\\/jolek.se\\\/no\\\/aterforsaljare\\\/\",\"url\":\"https:\\\/\\\/jolek.se\\\/no\\\/aterforsaljare\\\/\",\"name\":\"Forhandlere - Jolek\",\"isPartOf\":{\"@id\":\"http:\\\/\\\/jolek.se\\\/no\\\/#website\"},\"primaryImageOfPage\":{\"@id\":\"https:\\\/\\\/jolek.se\\\/no\\\/aterforsaljare\\\/#primaryimage\"},\"image\":{\"@id\":\"https:\\\/\\\/jolek.se\\\/no\\\/aterforsaljare\\\/#primaryimage\"},\"thumbnailUrl\":\"https:\\\/\\\/jolek.se\\\/wp-content\\\/uploads\\\/2023\\\/06\\\/pallvagn-scaled.jpg\",\"datePublished\":\"2023-06-15T12:18:01+00:00\",\"dateModified\":\"2024-02-17T05:21:22+00:00\",\"description\":\"Jolek har forhandlere rundt om i landet og utenfor Europa. Bes\u00f8k siden v\u00e5r eller kontakt oss for \u00e5 finne forhandlere av produktene v\u00e5re.\",\"breadcrumb\":{\"@id\":\"https:\\\/\\\/jolek.se\\\/no\\\/aterforsaljare\\\/#breadcrumb\"},\"inLanguage\":\"nb-NO\",\"potentialAction\":[{\"@type\":\"ReadAction\",\"target\":[\"https:\\\/\\\/jolek.se\\\/no\\\/aterforsaljare\\\/\"]}]},{\"@type\":\"ImageObject\",\"inLanguage\":\"nb-NO\",\"@id\":\"https:\\\/\\\/jolek.se\\\/no\\\/aterforsaljare\\\/#primaryimage\",\"url\":\"https:\\\/\\\/jolek.se\\\/wp-content\\\/uploads\\\/2023\\\/06\\\/pallvagn-scaled.jpg\",\"contentUrl\":\"https:\\\/\\\/jolek.se\\\/wp-content\\\/uploads\\\/2023\\\/06\\\/pallvagn-scaled.jpg\",\"width\":2560,\"height\":2048,\"caption\":\"Palletruck med storsekkholder.\"},{\"@type\":\"BreadcrumbList\",\"@id\":\"https:\\\/\\\/jolek.se\\\/no\\\/aterforsaljare\\\/#breadcrumb\",\"itemListElement\":[{\"@type\":\"ListItem\",\"position\":1,\"name\":\"Hem\",\"item\":\"http:\\\/\\\/jolek.se\\\/no\\\/\"},{\"@type\":\"ListItem\",\"position\":2,\"name\":\"Forhandlere\"}]},{\"@type\":\"WebSite\",\"@id\":\"http:\\\/\\\/jolek.se\\\/no\\\/#website\",\"url\":\"http:\\\/\\\/jolek.se\\\/no\\\/\",\"name\":\"Jolek\",\"description\":\"Jolek\",\"publisher\":{\"@id\":\"http:\\\/\\\/jolek.se\\\/no\\\/#organization\"},\"potentialAction\":[{\"@type\":\"SearchAction\",\"target\":{\"@type\":\"EntryPoint\",\"urlTemplate\":\"http:\\\/\\\/jolek.se\\\/no\\\/?s={search_term_string}\"},\"query-input\":{\"@type\":\"PropertyValueSpecification\",\"valueRequired\":true,\"valueName\":\"search_term_string\"}}],\"inLanguage\":\"nb-NO\"},{\"@type\":\"Organization\",\"@id\":\"http:\\\/\\\/jolek.se\\\/no\\\/#organization\",\"name\":\"Jolek i Tran\u00e5s AB\",\"alternateName\":\"Jolek AB\",\"url\":\"http:\\\/\\\/jolek.se\\\/no\\\/\",\"logo\":{\"@type\":\"ImageObject\",\"inLanguage\":\"nb-NO\",\"@id\":\"http:\\\/\\\/jolek.se\\\/no\\\/#\\\/schema\\\/logo\\\/image\\\/\",\"url\":\"https:\\\/\\\/jolek.se\\\/wp-content\\\/uploads\\\/2026\\\/02\\\/jolek-logotyp-bla-scaled.png\",\"contentUrl\":\"https:\\\/\\\/jolek.se\\\/wp-content\\\/uploads\\\/2026\\\/02\\\/jolek-logotyp-bla-scaled.png\",\"width\":2560,\"height\":741,\"caption\":\"Jolek i Tran\u00e5s AB\"},\"image\":{\"@id\":\"http:\\\/\\\/jolek.se\\\/no\\\/#\\\/schema\\\/logo\\\/image\\\/\"},\"sameAs\":[\"https:\\\/\\\/www.facebook.com\\\/www.jolek.se\",\"https:\\\/\\\/www.linkedin.com\\\/company\\\/jolek-ab\\\/?viewAsMember=true\"]}]}<\/script>\n<!-- \/ Yoast SEO plugin. -->","yoast_head_json":{"title":"Forhandlere - Jolek","description":"Jolek har forhandlere rundt om i landet og utenfor Europa. Bes\u00f8k siden v\u00e5r eller kontakt oss for \u00e5 finne forhandlere av produktene v\u00e5re.","robots":{"index":"index","follow":"follow","max-snippet":"max-snippet:-1","max-image-preview":"max-image-preview:large","max-video-preview":"max-video-preview:-1"},"canonical":"https:\/\/jolek.se\/no\/aterforsaljare\/","og_locale":"nb_NO","og_type":"article","og_title":"Forhandlere - Jolek","og_description":"Jolek har forhandlere rundt om i landet og utenfor Europa. Bes\u00f8k siden v\u00e5r eller kontakt oss for \u00e5 finne forhandlere av produktene v\u00e5re.","og_url":"https:\/\/jolek.se\/no\/aterforsaljare\/","og_site_name":"Jolek","article_publisher":"https:\/\/www.facebook.com\/www.jolek.se","article_modified_time":"2024-02-17T05:21:22+00:00","og_image":[{"width":2560,"height":2048,"url":"http:\/\/jolek.se\/wp-content\/uploads\/2023\/06\/pallvagn-scaled.jpg","type":"image\/jpeg"}],"twitter_card":"summary_large_image","twitter_misc":{"Ansl. lesetid":"1 minutt"},"schema":{"@context":"https:\/\/schema.org","@graph":[{"@type":"WebPage","@id":"https:\/\/jolek.se\/no\/aterforsaljare\/","url":"https:\/\/jolek.se\/no\/aterforsaljare\/","name":"Forhandlere - Jolek","isPartOf":{"@id":"http:\/\/jolek.se\/no\/#website"},"primaryImageOfPage":{"@id":"https:\/\/jolek.se\/no\/aterforsaljare\/#primaryimage"},"image":{"@id":"https:\/\/jolek.se\/no\/aterforsaljare\/#primaryimage"},"thumbnailUrl":"https:\/\/jolek.se\/wp-content\/uploads\/2023\/06\/pallvagn-scaled.jpg","datePublished":"2023-06-15T12:18:01+00:00","dateModified":"2024-02-17T05:21:22+00:00","description":"Jolek har forhandlere rundt om i landet og utenfor Europa. Bes\u00f8k siden v\u00e5r eller kontakt oss for \u00e5 finne forhandlere av produktene v\u00e5re.","breadcrumb":{"@id":"https:\/\/jolek.se\/no\/aterforsaljare\/#breadcrumb"},"inLanguage":"nb-NO","potentialAction":[{"@type":"ReadAction","target":["https:\/\/jolek.se\/no\/aterforsaljare\/"]}]},{"@type":"ImageObject","inLanguage":"nb-NO","@id":"https:\/\/jolek.se\/no\/aterforsaljare\/#primaryimage","url":"https:\/\/jolek.se\/wp-content\/uploads\/2023\/06\/pallvagn-scaled.jpg","contentUrl":"https:\/\/jolek.se\/wp-content\/uploads\/2023\/06\/pallvagn-scaled.jpg","width":2560,"height":2048,"caption":"Palletruck med storsekkholder."},{"@type":"BreadcrumbList","@id":"https:\/\/jolek.se\/no\/aterforsaljare\/#breadcrumb","itemListElement":[{"@type":"ListItem","position":1,"name":"Hem","item":"http:\/\/jolek.se\/no\/"},{"@type":"ListItem","position":2,"name":"Forhandlere"}]},{"@type":"WebSite","@id":"http:\/\/jolek.se\/no\/#website","url":"http:\/\/jolek.se\/no\/","name":"Jolek","description":"Jolek","publisher":{"@id":"http:\/\/jolek.se\/no\/#organization"},"potentialAction":[{"@type":"SearchAction","target":{"@type":"EntryPoint","urlTemplate":"http:\/\/jolek.se\/no\/?s={search_term_string}"},"query-input":{"@type":"PropertyValueSpecification","valueRequired":true,"valueName":"search_term_string"}}],"inLanguage":"nb-NO"},{"@type":"Organization","@id":"http:\/\/jolek.se\/no\/#organization","name":"Jolek i Tran\u00e5s AB","alternateName":"Jolek AB","url":"http:\/\/jolek.se\/no\/","logo":{"@type":"ImageObject","inLanguage":"nb-NO","@id":"http:\/\/jolek.se\/no\/#\/schema\/logo\/image\/","url":"https:\/\/jolek.se\/wp-content\/uploads\/2026\/02\/jolek-logotyp-bla-scaled.png","contentUrl":"https:\/\/jolek.se\/wp-content\/uploads\/2026\/02\/jolek-logotyp-bla-scaled.png","width":2560,"height":741,"caption":"Jolek i Tran\u00e5s AB"},"image":{"@id":"http:\/\/jolek.se\/no\/#\/schema\/logo\/image\/"},"sameAs":["https:\/\/www.facebook.com\/www.jolek.se","https:\/\/www.linkedin.com\/company\/jolek-ab\/?viewAsMember=true"]}]}},"_links":{"self":[{"href":"https:\/\/jolek.se\/no\/wp-json\/wp\/v2\/pages\/358","targetHints":{"allow":["GET"]}}],"collection":[{"href":"https:\/\/jolek.se\/no\/wp-json\/wp\/v2\/pages"}],"about":[{"href":"https:\/\/jolek.se\/no\/wp-json\/wp\/v2\/types\/page"}],"author":[{"embeddable":true,"href":"https:\/\/jolek.se\/no\/wp-json\/wp\/v2\/users\/2"}],"replies":[{"embeddable":true,"href":"https:\/\/jolek.se\/no\/wp-json\/wp\/v2\/comments?post=358"}],"version-history":[{"count":3,"href":"https:\/\/jolek.se\/no\/wp-json\/wp\/v2\/pages\/358\/revisions"}],"predecessor-version":[{"id":437,"href":"https:\/\/jolek.se\/no\/wp-json\/wp\/v2\/pages\/358\/revisions\/437"}],"wp:featuredmedia":[{"embeddable":true,"href":"https:\/\/jolek.se\/no\/wp-json\/wp\/v2\/media\/572"}],"wp:attachment":[{"href":"https:\/\/jolek.se\/no\/wp-json\/wp\/v2\/media?parent=358"}],"curies":[{"name":"wp","href":"https:\/\/api.w.org\/{rel}","templated":true}]}}