{"id":362,"date":"2023-06-15T12:18:08","date_gmt":"2023-06-15T12:18:08","guid":{"rendered":"https:\/\/jolek.se\/hallbarhet\/"},"modified":"2024-02-17T05:24:46","modified_gmt":"2024-02-17T05:24:46","slug":"baerekraft","status":"publish","type":"page","link":"https:\/\/jolek.se\/no\/baerekraft\/","title":{"rendered":"B\u00e6rekraft"},"content":{"rendered":"","protected":false},"excerpt":{"rendered":"","protected":false},"author":1,"featured_media":173,"parent":0,"menu_order":0,"comment_status":"closed","ping_status":"closed","template":"","meta":{"_acf_changed":false,"footnotes":""},"class_list":["post-362","page","type-page","status-publish","has-post-thumbnail","hentry"],"acf":[],"yoast_head":"<!-- This site is optimized with the Yoast SEO plugin v27.3 - https:\/\/yoast.com\/product\/yoast-seo-wordpress\/ -->\n<title>B\u00e6rekraft - Jolek<\/title>\n<meta name=\"description\" content=\"Jolek er stolt over \u00e5 ha b\u00e6rekraft som h\u00f8y prioritet p\u00e5 agendaen v\u00e5r. Vi jobber hele tiden med \u00e5 finne nye, gr\u00f8nnere l\u00f8sninger.\" \/>\n<meta name=\"robots\" content=\"index, follow, max-snippet:-1, max-image-preview:large, max-video-preview:-1\" \/>\n<link rel=\"canonical\" href=\"https:\/\/jolek.se\/no\/baerekraft\/\" \/>\n<meta property=\"og:locale\" content=\"nb_NO\" \/>\n<meta property=\"og:type\" content=\"article\" \/>\n<meta property=\"og:title\" content=\"B\u00e6rekraft - Jolek\" \/>\n<meta property=\"og:description\" content=\"Jolek er stolt over \u00e5 ha b\u00e6rekraft som h\u00f8y prioritet p\u00e5 agendaen v\u00e5r. Vi jobber hele tiden med \u00e5 finne nye, gr\u00f8nnere l\u00f8sninger.\" \/>\n<meta property=\"og:url\" content=\"https:\/\/jolek.se\/no\/baerekraft\/\" \/>\n<meta property=\"og:site_name\" content=\"Jolek\" \/>\n<meta property=\"article:publisher\" content=\"https:\/\/www.facebook.com\/www.jolek.se\" \/>\n<meta property=\"article:modified_time\" content=\"2024-02-17T05:24:46+00:00\" \/>\n<meta property=\"og:image\" content=\"http:\/\/jolek.se\/wp-content\/uploads\/2023\/06\/7b000b86b617a7bb907595e23738804c-scaled-e1686834053988.jpeg\" \/>\n\t<meta property=\"og:image:width\" content=\"1702\" \/>\n\t<meta property=\"og:image:height\" content=\"1700\" \/>\n\t<meta property=\"og:image:type\" content=\"image\/jpeg\" \/>\n<meta name=\"twitter:card\" content=\"summary_large_image\" \/>\n<meta name=\"twitter:label1\" content=\"Ansl. lesetid\" \/>\n\t<meta name=\"twitter:data1\" content=\"1 minutt\" \/>\n<script type=\"application\/ld+json\" class=\"yoast-schema-graph\">{\"@context\":\"https:\\\/\\\/schema.org\",\"@graph\":[{\"@type\":\"WebPage\",\"@id\":\"https:\\\/\\\/jolek.se\\\/no\\\/baerekraft\\\/\",\"url\":\"https:\\\/\\\/jolek.se\\\/no\\\/baerekraft\\\/\",\"name\":\"B\u00e6rekraft - Jolek\",\"isPartOf\":{\"@id\":\"http:\\\/\\\/jolek.se\\\/no\\\/#website\"},\"primaryImageOfPage\":{\"@id\":\"https:\\\/\\\/jolek.se\\\/no\\\/baerekraft\\\/#primaryimage\"},\"image\":{\"@id\":\"https:\\\/\\\/jolek.se\\\/no\\\/baerekraft\\\/#primaryimage\"},\"thumbnailUrl\":\"https:\\\/\\\/jolek.se\\\/wp-content\\\/uploads\\\/2023\\\/06\\\/7b000b86b617a7bb907595e23738804c-scaled-e1686834053988.jpeg\",\"datePublished\":\"2023-06-15T12:18:08+00:00\",\"dateModified\":\"2024-02-17T05:24:46+00:00\",\"description\":\"Jolek er stolt over \u00e5 ha b\u00e6rekraft som h\u00f8y prioritet p\u00e5 agendaen v\u00e5r. Vi jobber hele tiden med \u00e5 finne nye, gr\u00f8nnere l\u00f8sninger.\",\"breadcrumb\":{\"@id\":\"https:\\\/\\\/jolek.se\\\/no\\\/baerekraft\\\/#breadcrumb\"},\"inLanguage\":\"nb-NO\",\"potentialAction\":[{\"@type\":\"ReadAction\",\"target\":[\"https:\\\/\\\/jolek.se\\\/no\\\/baerekraft\\\/\"]}]},{\"@type\":\"ImageObject\",\"inLanguage\":\"nb-NO\",\"@id\":\"https:\\\/\\\/jolek.se\\\/no\\\/baerekraft\\\/#primaryimage\",\"url\":\"https:\\\/\\\/jolek.se\\\/wp-content\\\/uploads\\\/2023\\\/06\\\/7b000b86b617a7bb907595e23738804c-scaled-e1686834053988.jpeg\",\"contentUrl\":\"https:\\\/\\\/jolek.se\\\/wp-content\\\/uploads\\\/2023\\\/06\\\/7b000b86b617a7bb907595e23738804c-scaled-e1686834053988.jpeg\",\"width\":1702,\"height\":1700},{\"@type\":\"BreadcrumbList\",\"@id\":\"https:\\\/\\\/jolek.se\\\/no\\\/baerekraft\\\/#breadcrumb\",\"itemListElement\":[{\"@type\":\"ListItem\",\"position\":1,\"name\":\"Hem\",\"item\":\"http:\\\/\\\/jolek.se\\\/no\\\/\"},{\"@type\":\"ListItem\",\"position\":2,\"name\":\"B\u00e6rekraft\"}]},{\"@type\":\"WebSite\",\"@id\":\"http:\\\/\\\/jolek.se\\\/no\\\/#website\",\"url\":\"http:\\\/\\\/jolek.se\\\/no\\\/\",\"name\":\"Jolek\",\"description\":\"Jolek\",\"publisher\":{\"@id\":\"http:\\\/\\\/jolek.se\\\/no\\\/#organization\"},\"potentialAction\":[{\"@type\":\"SearchAction\",\"target\":{\"@type\":\"EntryPoint\",\"urlTemplate\":\"http:\\\/\\\/jolek.se\\\/no\\\/?s={search_term_string}\"},\"query-input\":{\"@type\":\"PropertyValueSpecification\",\"valueRequired\":true,\"valueName\":\"search_term_string\"}}],\"inLanguage\":\"nb-NO\"},{\"@type\":\"Organization\",\"@id\":\"http:\\\/\\\/jolek.se\\\/no\\\/#organization\",\"name\":\"Jolek i Tran\u00e5s AB\",\"alternateName\":\"Jolek AB\",\"url\":\"http:\\\/\\\/jolek.se\\\/no\\\/\",\"logo\":{\"@type\":\"ImageObject\",\"inLanguage\":\"nb-NO\",\"@id\":\"http:\\\/\\\/jolek.se\\\/no\\\/#\\\/schema\\\/logo\\\/image\\\/\",\"url\":\"https:\\\/\\\/jolek.se\\\/wp-content\\\/uploads\\\/2026\\\/02\\\/jolek-logotyp-bla-scaled.png\",\"contentUrl\":\"https:\\\/\\\/jolek.se\\\/wp-content\\\/uploads\\\/2026\\\/02\\\/jolek-logotyp-bla-scaled.png\",\"width\":2560,\"height\":741,\"caption\":\"Jolek i Tran\u00e5s AB\"},\"image\":{\"@id\":\"http:\\\/\\\/jolek.se\\\/no\\\/#\\\/schema\\\/logo\\\/image\\\/\"},\"sameAs\":[\"https:\\\/\\\/www.facebook.com\\\/www.jolek.se\",\"https:\\\/\\\/www.linkedin.com\\\/company\\\/jolek-ab\\\/?viewAsMember=true\"]}]}<\/script>\n<!-- \/ Yoast SEO plugin. -->","yoast_head_json":{"title":"B\u00e6rekraft - Jolek","description":"Jolek er stolt over \u00e5 ha b\u00e6rekraft som h\u00f8y prioritet p\u00e5 agendaen v\u00e5r. Vi jobber hele tiden med \u00e5 finne nye, gr\u00f8nnere l\u00f8sninger.","robots":{"index":"index","follow":"follow","max-snippet":"max-snippet:-1","max-image-preview":"max-image-preview:large","max-video-preview":"max-video-preview:-1"},"canonical":"https:\/\/jolek.se\/no\/baerekraft\/","og_locale":"nb_NO","og_type":"article","og_title":"B\u00e6rekraft - Jolek","og_description":"Jolek er stolt over \u00e5 ha b\u00e6rekraft som h\u00f8y prioritet p\u00e5 agendaen v\u00e5r. Vi jobber hele tiden med \u00e5 finne nye, gr\u00f8nnere l\u00f8sninger.","og_url":"https:\/\/jolek.se\/no\/baerekraft\/","og_site_name":"Jolek","article_publisher":"https:\/\/www.facebook.com\/www.jolek.se","article_modified_time":"2024-02-17T05:24:46+00:00","og_image":[{"width":1702,"height":1700,"url":"http:\/\/jolek.se\/wp-content\/uploads\/2023\/06\/7b000b86b617a7bb907595e23738804c-scaled-e1686834053988.jpeg","type":"image\/jpeg"}],"twitter_card":"summary_large_image","twitter_misc":{"Ansl. lesetid":"1 minutt"},"schema":{"@context":"https:\/\/schema.org","@graph":[{"@type":"WebPage","@id":"https:\/\/jolek.se\/no\/baerekraft\/","url":"https:\/\/jolek.se\/no\/baerekraft\/","name":"B\u00e6rekraft - Jolek","isPartOf":{"@id":"http:\/\/jolek.se\/no\/#website"},"primaryImageOfPage":{"@id":"https:\/\/jolek.se\/no\/baerekraft\/#primaryimage"},"image":{"@id":"https:\/\/jolek.se\/no\/baerekraft\/#primaryimage"},"thumbnailUrl":"https:\/\/jolek.se\/wp-content\/uploads\/2023\/06\/7b000b86b617a7bb907595e23738804c-scaled-e1686834053988.jpeg","datePublished":"2023-06-15T12:18:08+00:00","dateModified":"2024-02-17T05:24:46+00:00","description":"Jolek er stolt over \u00e5 ha b\u00e6rekraft som h\u00f8y prioritet p\u00e5 agendaen v\u00e5r. Vi jobber hele tiden med \u00e5 finne nye, gr\u00f8nnere l\u00f8sninger.","breadcrumb":{"@id":"https:\/\/jolek.se\/no\/baerekraft\/#breadcrumb"},"inLanguage":"nb-NO","potentialAction":[{"@type":"ReadAction","target":["https:\/\/jolek.se\/no\/baerekraft\/"]}]},{"@type":"ImageObject","inLanguage":"nb-NO","@id":"https:\/\/jolek.se\/no\/baerekraft\/#primaryimage","url":"https:\/\/jolek.se\/wp-content\/uploads\/2023\/06\/7b000b86b617a7bb907595e23738804c-scaled-e1686834053988.jpeg","contentUrl":"https:\/\/jolek.se\/wp-content\/uploads\/2023\/06\/7b000b86b617a7bb907595e23738804c-scaled-e1686834053988.jpeg","width":1702,"height":1700},{"@type":"BreadcrumbList","@id":"https:\/\/jolek.se\/no\/baerekraft\/#breadcrumb","itemListElement":[{"@type":"ListItem","position":1,"name":"Hem","item":"http:\/\/jolek.se\/no\/"},{"@type":"ListItem","position":2,"name":"B\u00e6rekraft"}]},{"@type":"WebSite","@id":"http:\/\/jolek.se\/no\/#website","url":"http:\/\/jolek.se\/no\/","name":"Jolek","description":"Jolek","publisher":{"@id":"http:\/\/jolek.se\/no\/#organization"},"potentialAction":[{"@type":"SearchAction","target":{"@type":"EntryPoint","urlTemplate":"http:\/\/jolek.se\/no\/?s={search_term_string}"},"query-input":{"@type":"PropertyValueSpecification","valueRequired":true,"valueName":"search_term_string"}}],"inLanguage":"nb-NO"},{"@type":"Organization","@id":"http:\/\/jolek.se\/no\/#organization","name":"Jolek i Tran\u00e5s AB","alternateName":"Jolek AB","url":"http:\/\/jolek.se\/no\/","logo":{"@type":"ImageObject","inLanguage":"nb-NO","@id":"http:\/\/jolek.se\/no\/#\/schema\/logo\/image\/","url":"https:\/\/jolek.se\/wp-content\/uploads\/2026\/02\/jolek-logotyp-bla-scaled.png","contentUrl":"https:\/\/jolek.se\/wp-content\/uploads\/2026\/02\/jolek-logotyp-bla-scaled.png","width":2560,"height":741,"caption":"Jolek i Tran\u00e5s AB"},"image":{"@id":"http:\/\/jolek.se\/no\/#\/schema\/logo\/image\/"},"sameAs":["https:\/\/www.facebook.com\/www.jolek.se","https:\/\/www.linkedin.com\/company\/jolek-ab\/?viewAsMember=true"]}]}},"_links":{"self":[{"href":"https:\/\/jolek.se\/no\/wp-json\/wp\/v2\/pages\/362","targetHints":{"allow":["GET"]}}],"collection":[{"href":"https:\/\/jolek.se\/no\/wp-json\/wp\/v2\/pages"}],"about":[{"href":"https:\/\/jolek.se\/no\/wp-json\/wp\/v2\/types\/page"}],"author":[{"embeddable":true,"href":"https:\/\/jolek.se\/no\/wp-json\/wp\/v2\/users\/1"}],"replies":[{"embeddable":true,"href":"https:\/\/jolek.se\/no\/wp-json\/wp\/v2\/comments?post=362"}],"version-history":[{"count":5,"href":"https:\/\/jolek.se\/no\/wp-json\/wp\/v2\/pages\/362\/revisions"}],"predecessor-version":[{"id":533,"href":"https:\/\/jolek.se\/no\/wp-json\/wp\/v2\/pages\/362\/revisions\/533"}],"wp:featuredmedia":[{"embeddable":true,"href":"https:\/\/jolek.se\/no\/wp-json\/wp\/v2\/media\/173"}],"wp:attachment":[{"href":"https:\/\/jolek.se\/no\/wp-json\/wp\/v2\/media?parent=362"}],"curies":[{"name":"wp","href":"https:\/\/api.w.org\/{rel}","templated":true}]}}