{"id":367,"date":"2023-06-15T12:18:30","date_gmt":"2023-06-15T12:18:30","guid":{"rendered":"https:\/\/jolek.se\/?page_id=367"},"modified":"2024-02-17T05:37:10","modified_gmt":"2024-02-17T05:37:10","slug":"kontakt","status":"publish","type":"page","link":"https:\/\/jolek.se\/no\/kontakt\/","title":{"rendered":"Kontakt"},"content":{"rendered":"<p>Jolek tilbyr storsekkholder, palleben og pallovertekk for alle milj\u00f8er. Er du interessert i v\u00e5re produkter eller \u00f8nsker mer informasjon om hvordan de kan passe dine behov?<\/p>\n<p>Ikke n\u00f8l med \u00e5 kontakte oss! V\u00e5rt team av eksperter er klare til \u00e5 hjelpe deg med \u00e5 finne de beste l\u00f8sningene for din virksomhet.<\/p>\n","protected":false},"excerpt":{"rendered":"<p>Jolek tilbyr storsekkholder, palleben og pallovertekk for alle milj\u00f8er. Er du interessert i v\u00e5re produkter eller \u00f8nsker mer informasjon om hvordan de kan passe dine behov? Ikke n\u00f8l med \u00e5 kontakte oss! V\u00e5rt team av eksperter er klare til \u00e5 hjelpe deg med \u00e5 finne de beste l\u00f8sningene for din virksomhet.<\/p>\n","protected":false},"author":2,"featured_media":239,"parent":0,"menu_order":0,"comment_status":"closed","ping_status":"closed","template":"page_contact.php","meta":{"_acf_changed":false,"footnotes":""},"class_list":["post-367","page","type-page","status-publish","has-post-thumbnail","hentry"],"acf":[],"yoast_head":"<!-- This site is optimized with the Yoast SEO plugin v27.3 - https:\/\/yoast.com\/product\/yoast-seo-wordpress\/ -->\n<title>Kontakt - Jolek<\/title>\n<meta name=\"description\" content=\"Jolek tilbyr sekkholdere, palleben og palletrekk for alle milj\u00f8er. Er du interessert i v\u00e5re produkter? Kontakt oss i dag!\" \/>\n<meta name=\"robots\" content=\"index, follow, max-snippet:-1, max-image-preview:large, max-video-preview:-1\" \/>\n<link rel=\"canonical\" href=\"https:\/\/jolek.se\/no\/kontakt\/\" \/>\n<meta property=\"og:locale\" content=\"nb_NO\" \/>\n<meta property=\"og:type\" content=\"article\" \/>\n<meta property=\"og:title\" content=\"Kontakt - Jolek\" \/>\n<meta property=\"og:description\" content=\"Jolek tilbyr sekkholdere, palleben og palletrekk for alle milj\u00f8er. Er du interessert i v\u00e5re produkter? Kontakt oss i dag!\" \/>\n<meta property=\"og:url\" content=\"https:\/\/jolek.se\/no\/kontakt\/\" \/>\n<meta property=\"og:site_name\" content=\"Jolek\" \/>\n<meta property=\"article:publisher\" content=\"https:\/\/www.facebook.com\/www.jolek.se\" \/>\n<meta property=\"article:modified_time\" content=\"2024-02-17T05:37:10+00:00\" \/>\n<meta property=\"og:image\" content=\"http:\/\/jolek.se\/wp-content\/uploads\/2023\/06\/lokal-2023-1.jpg\" \/>\n\t<meta property=\"og:image:width\" content=\"764\" \/>\n\t<meta property=\"og:image:height\" content=\"418\" \/>\n\t<meta property=\"og:image:type\" content=\"image\/jpeg\" \/>\n<meta name=\"twitter:card\" content=\"summary_large_image\" \/>\n<meta name=\"twitter:label1\" content=\"Ansl. lesetid\" \/>\n\t<meta name=\"twitter:data1\" content=\"1 minutt\" \/>\n<script type=\"application\/ld+json\" class=\"yoast-schema-graph\">{\"@context\":\"https:\\\/\\\/schema.org\",\"@graph\":[{\"@type\":\"WebPage\",\"@id\":\"https:\\\/\\\/jolek.se\\\/no\\\/kontakt\\\/\",\"url\":\"https:\\\/\\\/jolek.se\\\/no\\\/kontakt\\\/\",\"name\":\"Kontakt - Jolek\",\"isPartOf\":{\"@id\":\"http:\\\/\\\/jolek.se\\\/no\\\/#website\"},\"primaryImageOfPage\":{\"@id\":\"https:\\\/\\\/jolek.se\\\/no\\\/kontakt\\\/#primaryimage\"},\"image\":{\"@id\":\"https:\\\/\\\/jolek.se\\\/no\\\/kontakt\\\/#primaryimage\"},\"thumbnailUrl\":\"https:\\\/\\\/jolek.se\\\/wp-content\\\/uploads\\\/2023\\\/06\\\/lokal-2023-1.jpg\",\"datePublished\":\"2023-06-15T12:18:30+00:00\",\"dateModified\":\"2024-02-17T05:37:10+00:00\",\"description\":\"Jolek tilbyr sekkholdere, palleben og palletrekk for alle milj\u00f8er. Er du interessert i v\u00e5re produkter? Kontakt oss i dag!\",\"breadcrumb\":{\"@id\":\"https:\\\/\\\/jolek.se\\\/no\\\/kontakt\\\/#breadcrumb\"},\"inLanguage\":\"nb-NO\",\"potentialAction\":[{\"@type\":\"ReadAction\",\"target\":[\"https:\\\/\\\/jolek.se\\\/no\\\/kontakt\\\/\"]}]},{\"@type\":\"ImageObject\",\"inLanguage\":\"nb-NO\",\"@id\":\"https:\\\/\\\/jolek.se\\\/no\\\/kontakt\\\/#primaryimage\",\"url\":\"https:\\\/\\\/jolek.se\\\/wp-content\\\/uploads\\\/2023\\\/06\\\/lokal-2023-1.jpg\",\"contentUrl\":\"https:\\\/\\\/jolek.se\\\/wp-content\\\/uploads\\\/2023\\\/06\\\/lokal-2023-1.jpg\",\"width\":764,\"height\":418,\"caption\":\"Jolek lokal i Tran\u00e5s.\"},{\"@type\":\"BreadcrumbList\",\"@id\":\"https:\\\/\\\/jolek.se\\\/no\\\/kontakt\\\/#breadcrumb\",\"itemListElement\":[{\"@type\":\"ListItem\",\"position\":1,\"name\":\"Hem\",\"item\":\"http:\\\/\\\/jolek.se\\\/no\\\/\"},{\"@type\":\"ListItem\",\"position\":2,\"name\":\"Kontakt\"}]},{\"@type\":\"WebSite\",\"@id\":\"http:\\\/\\\/jolek.se\\\/no\\\/#website\",\"url\":\"http:\\\/\\\/jolek.se\\\/no\\\/\",\"name\":\"Jolek\",\"description\":\"Jolek\",\"publisher\":{\"@id\":\"http:\\\/\\\/jolek.se\\\/no\\\/#organization\"},\"potentialAction\":[{\"@type\":\"SearchAction\",\"target\":{\"@type\":\"EntryPoint\",\"urlTemplate\":\"http:\\\/\\\/jolek.se\\\/no\\\/?s={search_term_string}\"},\"query-input\":{\"@type\":\"PropertyValueSpecification\",\"valueRequired\":true,\"valueName\":\"search_term_string\"}}],\"inLanguage\":\"nb-NO\"},{\"@type\":\"Organization\",\"@id\":\"http:\\\/\\\/jolek.se\\\/no\\\/#organization\",\"name\":\"Jolek i Tran\u00e5s AB\",\"alternateName\":\"Jolek AB\",\"url\":\"http:\\\/\\\/jolek.se\\\/no\\\/\",\"logo\":{\"@type\":\"ImageObject\",\"inLanguage\":\"nb-NO\",\"@id\":\"http:\\\/\\\/jolek.se\\\/no\\\/#\\\/schema\\\/logo\\\/image\\\/\",\"url\":\"https:\\\/\\\/jolek.se\\\/wp-content\\\/uploads\\\/2026\\\/02\\\/jolek-logotyp-bla-scaled.png\",\"contentUrl\":\"https:\\\/\\\/jolek.se\\\/wp-content\\\/uploads\\\/2026\\\/02\\\/jolek-logotyp-bla-scaled.png\",\"width\":2560,\"height\":741,\"caption\":\"Jolek i Tran\u00e5s AB\"},\"image\":{\"@id\":\"http:\\\/\\\/jolek.se\\\/no\\\/#\\\/schema\\\/logo\\\/image\\\/\"},\"sameAs\":[\"https:\\\/\\\/www.facebook.com\\\/www.jolek.se\",\"https:\\\/\\\/www.linkedin.com\\\/company\\\/jolek-ab\\\/?viewAsMember=true\"]}]}<\/script>\n<!-- \/ Yoast SEO plugin. -->","yoast_head_json":{"title":"Kontakt - Jolek","description":"Jolek tilbyr sekkholdere, palleben og palletrekk for alle milj\u00f8er. Er du interessert i v\u00e5re produkter? Kontakt oss i dag!","robots":{"index":"index","follow":"follow","max-snippet":"max-snippet:-1","max-image-preview":"max-image-preview:large","max-video-preview":"max-video-preview:-1"},"canonical":"https:\/\/jolek.se\/no\/kontakt\/","og_locale":"nb_NO","og_type":"article","og_title":"Kontakt - Jolek","og_description":"Jolek tilbyr sekkholdere, palleben og palletrekk for alle milj\u00f8er. Er du interessert i v\u00e5re produkter? Kontakt oss i dag!","og_url":"https:\/\/jolek.se\/no\/kontakt\/","og_site_name":"Jolek","article_publisher":"https:\/\/www.facebook.com\/www.jolek.se","article_modified_time":"2024-02-17T05:37:10+00:00","og_image":[{"width":764,"height":418,"url":"http:\/\/jolek.se\/wp-content\/uploads\/2023\/06\/lokal-2023-1.jpg","type":"image\/jpeg"}],"twitter_card":"summary_large_image","twitter_misc":{"Ansl. lesetid":"1 minutt"},"schema":{"@context":"https:\/\/schema.org","@graph":[{"@type":"WebPage","@id":"https:\/\/jolek.se\/no\/kontakt\/","url":"https:\/\/jolek.se\/no\/kontakt\/","name":"Kontakt - Jolek","isPartOf":{"@id":"http:\/\/jolek.se\/no\/#website"},"primaryImageOfPage":{"@id":"https:\/\/jolek.se\/no\/kontakt\/#primaryimage"},"image":{"@id":"https:\/\/jolek.se\/no\/kontakt\/#primaryimage"},"thumbnailUrl":"https:\/\/jolek.se\/wp-content\/uploads\/2023\/06\/lokal-2023-1.jpg","datePublished":"2023-06-15T12:18:30+00:00","dateModified":"2024-02-17T05:37:10+00:00","description":"Jolek tilbyr sekkholdere, palleben og palletrekk for alle milj\u00f8er. Er du interessert i v\u00e5re produkter? Kontakt oss i dag!","breadcrumb":{"@id":"https:\/\/jolek.se\/no\/kontakt\/#breadcrumb"},"inLanguage":"nb-NO","potentialAction":[{"@type":"ReadAction","target":["https:\/\/jolek.se\/no\/kontakt\/"]}]},{"@type":"ImageObject","inLanguage":"nb-NO","@id":"https:\/\/jolek.se\/no\/kontakt\/#primaryimage","url":"https:\/\/jolek.se\/wp-content\/uploads\/2023\/06\/lokal-2023-1.jpg","contentUrl":"https:\/\/jolek.se\/wp-content\/uploads\/2023\/06\/lokal-2023-1.jpg","width":764,"height":418,"caption":"Jolek lokal i Tran\u00e5s."},{"@type":"BreadcrumbList","@id":"https:\/\/jolek.se\/no\/kontakt\/#breadcrumb","itemListElement":[{"@type":"ListItem","position":1,"name":"Hem","item":"http:\/\/jolek.se\/no\/"},{"@type":"ListItem","position":2,"name":"Kontakt"}]},{"@type":"WebSite","@id":"http:\/\/jolek.se\/no\/#website","url":"http:\/\/jolek.se\/no\/","name":"Jolek","description":"Jolek","publisher":{"@id":"http:\/\/jolek.se\/no\/#organization"},"potentialAction":[{"@type":"SearchAction","target":{"@type":"EntryPoint","urlTemplate":"http:\/\/jolek.se\/no\/?s={search_term_string}"},"query-input":{"@type":"PropertyValueSpecification","valueRequired":true,"valueName":"search_term_string"}}],"inLanguage":"nb-NO"},{"@type":"Organization","@id":"http:\/\/jolek.se\/no\/#organization","name":"Jolek i Tran\u00e5s AB","alternateName":"Jolek AB","url":"http:\/\/jolek.se\/no\/","logo":{"@type":"ImageObject","inLanguage":"nb-NO","@id":"http:\/\/jolek.se\/no\/#\/schema\/logo\/image\/","url":"https:\/\/jolek.se\/wp-content\/uploads\/2026\/02\/jolek-logotyp-bla-scaled.png","contentUrl":"https:\/\/jolek.se\/wp-content\/uploads\/2026\/02\/jolek-logotyp-bla-scaled.png","width":2560,"height":741,"caption":"Jolek i Tran\u00e5s AB"},"image":{"@id":"http:\/\/jolek.se\/no\/#\/schema\/logo\/image\/"},"sameAs":["https:\/\/www.facebook.com\/www.jolek.se","https:\/\/www.linkedin.com\/company\/jolek-ab\/?viewAsMember=true"]}]}},"_links":{"self":[{"href":"https:\/\/jolek.se\/no\/wp-json\/wp\/v2\/pages\/367","targetHints":{"allow":["GET"]}}],"collection":[{"href":"https:\/\/jolek.se\/no\/wp-json\/wp\/v2\/pages"}],"about":[{"href":"https:\/\/jolek.se\/no\/wp-json\/wp\/v2\/types\/page"}],"author":[{"embeddable":true,"href":"https:\/\/jolek.se\/no\/wp-json\/wp\/v2\/users\/2"}],"replies":[{"embeddable":true,"href":"https:\/\/jolek.se\/no\/wp-json\/wp\/v2\/comments?post=367"}],"version-history":[{"count":4,"href":"https:\/\/jolek.se\/no\/wp-json\/wp\/v2\/pages\/367\/revisions"}],"predecessor-version":[{"id":640,"href":"https:\/\/jolek.se\/no\/wp-json\/wp\/v2\/pages\/367\/revisions\/640"}],"wp:featuredmedia":[{"embeddable":true,"href":"https:\/\/jolek.se\/no\/wp-json\/wp\/v2\/media\/239"}],"wp:attachment":[{"href":"https:\/\/jolek.se\/no\/wp-json\/wp\/v2\/media?parent=367"}],"curies":[{"name":"wp","href":"https:\/\/api.w.org\/{rel}","templated":true}]}}