{"id":371,"date":"2023-06-15T14:01:03","date_gmt":"2023-06-15T14:01:03","guid":{"rendered":"https:\/\/jolek.se\/privacy-policy\/"},"modified":"2023-06-22T07:44:22","modified_gmt":"2023-06-22T07:44:22","slug":"personvernerklaering","status":"publish","type":"page","link":"https:\/\/jolek.se\/no\/personvernerklaering\/","title":{"rendered":"Personvernerkl\u00e6ring"},"content":{"rendered":"<h3 id=\"tw-target-text\" class=\"tw-data-text tw-text-large tw-ta\" dir=\"ltr\" data-placeholder=\"\u00d6vers\u00e4ttning\"><span class=\"Y2IQFc\" lang=\"no\">Personvernerkl\u00e6ring for Jolek i Tran\u00e5s AB (&laquo;Jolek&raquo;)<\/span><\/h3>\n<p id=\"tw-target-text\" class=\"tw-data-text tw-text-large tw-ta\" dir=\"ltr\" data-placeholder=\"\u00d6vers\u00e4ttning\"><span class=\"Y2IQFc\" lang=\"no\">Jolek forklarer nedenfor sin personvernpolicy, som har som m\u00e5l \u00e5 sikre at vi h\u00e5ndterer personopplysninger i samsvar med EUs databeskyttelsesforordning (GDPR, General Data Protection Regulation).<\/span><\/p>\n<h4 id=\"tw-target-text\" class=\"tw-data-text tw-text-large tw-ta\" dir=\"ltr\" data-placeholder=\"\u00d6vers\u00e4ttning\"><span class=\"Y2IQFc\" lang=\"no\">Behandlingsansvarlig for dine data<\/span><\/h4>\n<p id=\"tw-target-text\" class=\"tw-data-text tw-text-large tw-ta\" dir=\"ltr\" data-placeholder=\"\u00d6vers\u00e4ttning\"><span class=\"Y2IQFc\" lang=\"no\">Jolek er behandlingsansvarlig for personopplysningene du oppgir til oss og er ansvarlig for dine personopplysninger i henhold til gjeldende databeskyttelsesforordning (GDPR).<\/span><\/p>\n<h4 id=\"tw-target-text\" class=\"tw-data-text tw-text-large tw-ta\" dir=\"ltr\" data-placeholder=\"\u00d6vers\u00e4ttning\"><span class=\"Y2IQFc\" lang=\"no\">H\u00e5ndtering av personopplysninger<\/span><\/h4>\n<p id=\"tw-target-text\" class=\"tw-data-text tw-text-large tw-ta\" dir=\"ltr\" data-placeholder=\"\u00d6vers\u00e4ttning\"><span class=\"Y2IQFc\" lang=\"no\">Jolek h\u00e5ndterer personopplysningene du har delt med oss \u200b\u200bfor \u00e5 oppfylle v\u00e5re forpliktelser overfor deg. Personopplysningene som Jolek h\u00e5ndterer er navn, adresse, telefonnummer og e-postadresse, s\u00e5kalte informasjonskapsler, interessemeldinger og meldinger.<\/span><\/p>\n<p id=\"tw-target-text\" class=\"tw-data-text tw-text-large tw-ta\" dir=\"ltr\" data-placeholder=\"\u00d6vers\u00e4ttning\"><span class=\"Y2IQFc\" lang=\"no\">N\u00e5r du bes\u00f8ker en nettside som tilh\u00f8rer oss, kan det forekomme at vi lagrer s\u00e5kalte \u00abcookies\u00bb for \u00e5 gj\u00f8re opplevelsen din av nettsiden bedre men ogs\u00e5 for \u00e5 samle inn statistikk som gj\u00f8r oss flinkere til \u00e5 utvikle den. P\u00e5 nettsiden v\u00e5r har du muligheten til \u00e5 samtykke til at informasjonskapsler lagres p\u00e5 datamaskinen din n\u00e5r du bes\u00f8ker nettsiden. Uten ditt samtykke til lagring av grunnleggende informasjonskapsler kan vi ikke tilby deg et nettsted som fungerer etter hensikten. I tillegg til disse grunnleggende informasjonskapslene kan det v\u00e6re informasjonskapsler fra tredjeparter som du m\u00e5 samtykke til \u00e5 lagre dersom du \u00f8nsker \u00e5 f\u00e5 tilgang til visse andre funksjoner. Du kan alltid avsl\u00e5 og trekke tilbake samtykke til lagring av informasjonskapsler p\u00e5 nettstedet v\u00e5rt. Dersom du nekter samtykke kan dette bety at nettsiden ikke fungerer etter hensikten. Hvis du godtar \u00e5 lagre informasjonskapsler n\u00e5r du bes\u00f8ker oss p\u00e5 nettet, kan du v\u00e6re sikker p\u00e5 at vi anonymiserer eventuelle IP-adresser vi samler inn som statistiske data.<\/span><\/p>\n<h4 id=\"tw-target-text\" class=\"tw-data-text tw-text-large tw-ta\" dir=\"ltr\" data-placeholder=\"\u00d6vers\u00e4ttning\"><span class=\"Y2IQFc\" lang=\"no\">Lagring av personopplysninger<\/span><\/h4>\n<p id=\"tw-target-text\" class=\"tw-data-text tw-text-large tw-ta\" dir=\"ltr\" data-placeholder=\"\u00d6vers\u00e4ttning\"><span class=\"Y2IQFc\" lang=\"no\">Dine personopplysninger lagres kun hos Jolek s\u00e5 lenge det er n\u00f8dvendig for \u00e5 oppfylle det spesifikke form\u00e5let som dataene samles inn for.<\/span><\/p>\n<h4 id=\"tw-target-text\" class=\"tw-data-text tw-text-large tw-ta\" dir=\"ltr\" data-placeholder=\"\u00d6vers\u00e4ttning\"><span class=\"Y2IQFc\" lang=\"no\">Hvem har tilgang til dataene dine?<\/span><\/h4>\n<p id=\"tw-target-text\" class=\"tw-data-text tw-text-large tw-ta\" dir=\"ltr\" data-placeholder=\"\u00d6vers\u00e4ttning\"><span class=\"Y2IQFc\" lang=\"no\">Jolek er bekymret for tilgang til og h\u00e5ndtering av dine personopplysninger. Personopplysninger som sendes inn til Jolek vil v\u00e6re tilgjengelig for de ansatte i selskapet som m\u00e5 oppfylle forpliktelsene vi har overfor deg. Dine personopplysninger vil aldri bli utlevert til uautoriserte parter eller delt med andre parter, verken innenfor eller utenfor Sveriges grenser. Informasjon om personopplysninger kan eventuelt deles med myndighetene dersom loven krever det.<\/span><\/p>\n<h4 id=\"tw-target-text\" class=\"tw-data-text tw-text-large tw-ta\" dir=\"ltr\" data-placeholder=\"\u00d6vers\u00e4ttning\"><span class=\"Y2IQFc\" lang=\"no\">Hva er dine rettigheter?<\/span><\/h4>\n<p id=\"tw-target-text\" class=\"tw-data-text tw-text-large tw-ta\" dir=\"ltr\" data-placeholder=\"\u00d6vers\u00e4ttning\"><span class=\"Y2IQFc\" lang=\"no\">\u2013 Rett til informasjon om hvordan personopplysningene behandles.<\/span><\/p>\n<p id=\"tw-target-text\" class=\"tw-data-text tw-text-large tw-ta\" dir=\"ltr\" data-placeholder=\"\u00d6vers\u00e4ttning\"><span class=\"Y2IQFc\" lang=\"no\">Som privatperson har du rett til \u00e5 be om informasjon om og hvordan Jolek h\u00e5ndterer dine personopplysninger.<\/span><\/p>\n<p id=\"tw-target-text\" class=\"tw-data-text tw-text-large tw-ta\" dir=\"ltr\" data-placeholder=\"\u00d6vers\u00e4ttning\"><span class=\"Y2IQFc\" lang=\"no\">\u2013 Rett til retting<\/span><\/p>\n<p id=\"tw-target-text\" class=\"tw-data-text tw-text-large tw-ta\" dir=\"ltr\" data-placeholder=\"\u00d6vers\u00e4ttning\"><span class=\"Y2IQFc\" lang=\"no\">Jolek har til hensikt at personopplysningene som h\u00e5ndteres skal v\u00e6re n\u00f8yaktige og relevante. Hvis dine personopplysninger er feil av en eller annen grunn, har du rett til \u00e5 be om en retting.<\/span><\/p>\n<p id=\"tw-target-text\" class=\"tw-data-text tw-text-large tw-ta\" dir=\"ltr\" data-placeholder=\"\u00d6vers\u00e4ttning\"><span class=\"Y2IQFc\" lang=\"no\">\u2013 Rett til \u00e5 bli glemt<\/span><\/p>\n<p id=\"tw-target-text\" class=\"tw-data-text tw-text-large tw-ta\" dir=\"ltr\" data-placeholder=\"\u00d6vers\u00e4ttning\"><span class=\"Y2IQFc\" lang=\"no\">Du har, n\u00e5r som helst, rett til \u00e5 be om \u00e5 bli glemt og \u00e5 f\u00e5 slettet dine personopplysninger hos Jolek. Hvis du velger \u00e5 f\u00e5 dine personopplysninger slettet, kan det imidlertid bety at Jolek ikke kan fullf\u00f8re noen klager eller foresp\u00f8rsler.<\/span><\/p>\n<p id=\"tw-target-text\" class=\"tw-data-text tw-text-large tw-ta\" dir=\"ltr\" data-placeholder=\"\u00d6vers\u00e4ttning\"><span class=\"Y2IQFc\" lang=\"no\">\u2013 Dataportabilitet<\/span><\/p>\n<p id=\"tw-target-text\" class=\"tw-data-text tw-text-large tw-ta\" dir=\"ltr\" data-placeholder=\"\u00d6vers\u00e4ttning\"><span class=\"Y2IQFc\" lang=\"no\">Du har rett til \u00e5 be om personopplysningene som Jolek har om deg. Personopplysningene som inng\u00e5r er de som er gitt oss via samtykke eller som har v\u00e6rt rettet mot \u00e5 oppfylle en avtale. Det kan ogs\u00e5 v\u00e6re informasjon som Jolek har reddet gjennom interesseavveininger. Interesseavveining er et rettslig grunnlag som inneb\u00e6rer at ivaretakelse av den registrertes interesser er st\u00f8rre enn risikoen for konsekvenser for den enkelte n\u00e5r det gjelder personlig integritet. Retten til endring, retting eller retten til \u00e5 bli glemt skjer innen \u00e9n uke forutsatt at det ikke betyr eller kan bety at Bolt ikke kan oppfylle sine forpliktelser etter loven.<\/span><\/p>\n<p id=\"tw-target-text\" class=\"tw-data-text tw-text-large tw-ta\" dir=\"ltr\" data-placeholder=\"\u00d6vers\u00e4ttning\"><span class=\"Y2IQFc\" lang=\"no\">\u2013 Rett til \u00e5 klage til tilsynsmyndighet<\/span><\/p>\n<p id=\"tw-target-text\" class=\"tw-data-text tw-text-large tw-ta\" dir=\"ltr\" data-placeholder=\"\u00d6vers\u00e4ttning\"><span class=\"Y2IQFc\" lang=\"no\">Hvis du mener at Jolek behandler dine personopplysninger feil, er du velkommen til \u00e5 kontakte oss. Du har ogs\u00e5 rett til \u00e5 sende inn en klage til en tilsynsmyndighet.<\/span><\/p>\n<h4 id=\"tw-target-text\" class=\"tw-data-text tw-text-large tw-ta\" dir=\"ltr\" data-placeholder=\"\u00d6vers\u00e4ttning\"><span class=\"Y2IQFc\" lang=\"no\">Endringer i personvernreglene<\/span><\/h4>\n<p id=\"tw-target-text\" class=\"tw-data-text tw-text-large tw-ta\" dir=\"ltr\" data-placeholder=\"\u00d6vers\u00e4ttning\"><span class=\"Y2IQFc\" lang=\"no\">Jolek forbeholder seg retten til n\u00e5r som helst \u00e5 gj\u00f8re endringer i sin personvernpolicy i den grad det er n\u00f8dvendig for \u00e5 m\u00f8te nye juridiske eller tekniske krav. Den siste versjonen av personvernerkl\u00e6ringen er alltid tilgjengelig p\u00e5 nettsiden v\u00e5r.<\/span><\/p>\n<p><span style=\"font-weight: 400;\">\u00a0<\/span><\/p>\n<p id=\"tw-target-text\" class=\"tw-data-text tw-text-large tw-ta\" dir=\"ltr\" data-placeholder=\"\u00d6vers\u00e4ttning\"><span class=\"Y2IQFc\" lang=\"no\">Etablert 22\/06\/2023<\/span><\/p>\n","protected":false},"excerpt":{"rendered":"<p>Personvernerkl\u00e6ring for Jolek i Tran\u00e5s AB (&laquo;Jolek&raquo;) Jolek forklarer nedenfor sin personvernpolicy, som har som m\u00e5l \u00e5 sikre at vi h\u00e5ndterer personopplysninger i samsvar med EUs databeskyttelsesforordning (GDPR, General Data Protection Regulation). Behandlingsansvarlig for dine data Jolek er behandlingsansvarlig for personopplysningene du oppgir til oss og er ansvarlig for dine personopplysninger i henhold til gjeldende [&hellip;]<\/p>\n","protected":false},"author":1,"featured_media":0,"parent":0,"menu_order":0,"comment_status":"closed","ping_status":"closed","template":"","meta":{"_acf_changed":false,"footnotes":""},"class_list":["post-371","page","type-page","status-publish","hentry"],"acf":[],"yoast_head":"<!-- This site is optimized with the Yoast SEO plugin v27.3 - https:\/\/yoast.com\/product\/yoast-seo-wordpress\/ -->\n<title>Personvernerkl\u00e6ring - Jolek<\/title>\n<meta name=\"robots\" content=\"index, follow, max-snippet:-1, max-image-preview:large, max-video-preview:-1\" \/>\n<link rel=\"canonical\" href=\"https:\/\/jolek.se\/no\/personvernerklaering\/\" \/>\n<meta property=\"og:locale\" content=\"nb_NO\" \/>\n<meta property=\"og:type\" content=\"article\" \/>\n<meta property=\"og:title\" content=\"Personvernerkl\u00e6ring - Jolek\" \/>\n<meta property=\"og:description\" content=\"Personvernerkl\u00e6ring for Jolek i Tran\u00e5s AB (&laquo;Jolek&raquo;) Jolek forklarer nedenfor sin personvernpolicy, som har som m\u00e5l \u00e5 sikre at vi h\u00e5ndterer personopplysninger i samsvar med EUs databeskyttelsesforordning (GDPR, General Data Protection Regulation). Behandlingsansvarlig for dine data Jolek er behandlingsansvarlig for personopplysningene du oppgir til oss og er ansvarlig for dine personopplysninger i henhold til gjeldende [&hellip;]\" \/>\n<meta property=\"og:url\" content=\"https:\/\/jolek.se\/no\/personvernerklaering\/\" \/>\n<meta property=\"og:site_name\" content=\"Jolek\" \/>\n<meta property=\"article:publisher\" content=\"https:\/\/www.facebook.com\/www.jolek.se\" \/>\n<meta property=\"article:modified_time\" content=\"2023-06-22T07:44:22+00:00\" \/>\n<meta name=\"twitter:card\" content=\"summary_large_image\" \/>\n<meta name=\"twitter:label1\" content=\"Ansl. lesetid\" \/>\n\t<meta name=\"twitter:data1\" content=\"3 minutter\" \/>\n<script type=\"application\/ld+json\" class=\"yoast-schema-graph\">{\"@context\":\"https:\\\/\\\/schema.org\",\"@graph\":[{\"@type\":\"WebPage\",\"@id\":\"https:\\\/\\\/jolek.se\\\/no\\\/personvernerklaering\\\/\",\"url\":\"https:\\\/\\\/jolek.se\\\/no\\\/personvernerklaering\\\/\",\"name\":\"Personvernerkl\u00e6ring - Jolek\",\"isPartOf\":{\"@id\":\"http:\\\/\\\/jolek.se\\\/no\\\/#website\"},\"datePublished\":\"2023-06-15T14:01:03+00:00\",\"dateModified\":\"2023-06-22T07:44:22+00:00\",\"breadcrumb\":{\"@id\":\"https:\\\/\\\/jolek.se\\\/no\\\/personvernerklaering\\\/#breadcrumb\"},\"inLanguage\":\"nb-NO\",\"potentialAction\":[{\"@type\":\"ReadAction\",\"target\":[\"https:\\\/\\\/jolek.se\\\/no\\\/personvernerklaering\\\/\"]}]},{\"@type\":\"BreadcrumbList\",\"@id\":\"https:\\\/\\\/jolek.se\\\/no\\\/personvernerklaering\\\/#breadcrumb\",\"itemListElement\":[{\"@type\":\"ListItem\",\"position\":1,\"name\":\"Hem\",\"item\":\"http:\\\/\\\/jolek.se\\\/no\\\/\"},{\"@type\":\"ListItem\",\"position\":2,\"name\":\"Personvernerkl\u00e6ring\"}]},{\"@type\":\"WebSite\",\"@id\":\"http:\\\/\\\/jolek.se\\\/no\\\/#website\",\"url\":\"http:\\\/\\\/jolek.se\\\/no\\\/\",\"name\":\"Jolek\",\"description\":\"Jolek\",\"publisher\":{\"@id\":\"http:\\\/\\\/jolek.se\\\/no\\\/#organization\"},\"potentialAction\":[{\"@type\":\"SearchAction\",\"target\":{\"@type\":\"EntryPoint\",\"urlTemplate\":\"http:\\\/\\\/jolek.se\\\/no\\\/?s={search_term_string}\"},\"query-input\":{\"@type\":\"PropertyValueSpecification\",\"valueRequired\":true,\"valueName\":\"search_term_string\"}}],\"inLanguage\":\"nb-NO\"},{\"@type\":\"Organization\",\"@id\":\"http:\\\/\\\/jolek.se\\\/no\\\/#organization\",\"name\":\"Jolek i Tran\u00e5s AB\",\"alternateName\":\"Jolek AB\",\"url\":\"http:\\\/\\\/jolek.se\\\/no\\\/\",\"logo\":{\"@type\":\"ImageObject\",\"inLanguage\":\"nb-NO\",\"@id\":\"http:\\\/\\\/jolek.se\\\/no\\\/#\\\/schema\\\/logo\\\/image\\\/\",\"url\":\"https:\\\/\\\/jolek.se\\\/wp-content\\\/uploads\\\/2026\\\/02\\\/jolek-logotyp-bla-scaled.png\",\"contentUrl\":\"https:\\\/\\\/jolek.se\\\/wp-content\\\/uploads\\\/2026\\\/02\\\/jolek-logotyp-bla-scaled.png\",\"width\":2560,\"height\":741,\"caption\":\"Jolek i Tran\u00e5s AB\"},\"image\":{\"@id\":\"http:\\\/\\\/jolek.se\\\/no\\\/#\\\/schema\\\/logo\\\/image\\\/\"},\"sameAs\":[\"https:\\\/\\\/www.facebook.com\\\/www.jolek.se\",\"https:\\\/\\\/www.linkedin.com\\\/company\\\/jolek-ab\\\/?viewAsMember=true\"]}]}<\/script>\n<!-- \/ Yoast SEO plugin. -->","yoast_head_json":{"title":"Personvernerkl\u00e6ring - Jolek","robots":{"index":"index","follow":"follow","max-snippet":"max-snippet:-1","max-image-preview":"max-image-preview:large","max-video-preview":"max-video-preview:-1"},"canonical":"https:\/\/jolek.se\/no\/personvernerklaering\/","og_locale":"nb_NO","og_type":"article","og_title":"Personvernerkl\u00e6ring - Jolek","og_description":"Personvernerkl\u00e6ring for Jolek i Tran\u00e5s AB (&laquo;Jolek&raquo;) Jolek forklarer nedenfor sin personvernpolicy, som har som m\u00e5l \u00e5 sikre at vi h\u00e5ndterer personopplysninger i samsvar med EUs databeskyttelsesforordning (GDPR, General Data Protection Regulation). Behandlingsansvarlig for dine data Jolek er behandlingsansvarlig for personopplysningene du oppgir til oss og er ansvarlig for dine personopplysninger i henhold til gjeldende [&hellip;]","og_url":"https:\/\/jolek.se\/no\/personvernerklaering\/","og_site_name":"Jolek","article_publisher":"https:\/\/www.facebook.com\/www.jolek.se","article_modified_time":"2023-06-22T07:44:22+00:00","twitter_card":"summary_large_image","twitter_misc":{"Ansl. lesetid":"3 minutter"},"schema":{"@context":"https:\/\/schema.org","@graph":[{"@type":"WebPage","@id":"https:\/\/jolek.se\/no\/personvernerklaering\/","url":"https:\/\/jolek.se\/no\/personvernerklaering\/","name":"Personvernerkl\u00e6ring - Jolek","isPartOf":{"@id":"http:\/\/jolek.se\/no\/#website"},"datePublished":"2023-06-15T14:01:03+00:00","dateModified":"2023-06-22T07:44:22+00:00","breadcrumb":{"@id":"https:\/\/jolek.se\/no\/personvernerklaering\/#breadcrumb"},"inLanguage":"nb-NO","potentialAction":[{"@type":"ReadAction","target":["https:\/\/jolek.se\/no\/personvernerklaering\/"]}]},{"@type":"BreadcrumbList","@id":"https:\/\/jolek.se\/no\/personvernerklaering\/#breadcrumb","itemListElement":[{"@type":"ListItem","position":1,"name":"Hem","item":"http:\/\/jolek.se\/no\/"},{"@type":"ListItem","position":2,"name":"Personvernerkl\u00e6ring"}]},{"@type":"WebSite","@id":"http:\/\/jolek.se\/no\/#website","url":"http:\/\/jolek.se\/no\/","name":"Jolek","description":"Jolek","publisher":{"@id":"http:\/\/jolek.se\/no\/#organization"},"potentialAction":[{"@type":"SearchAction","target":{"@type":"EntryPoint","urlTemplate":"http:\/\/jolek.se\/no\/?s={search_term_string}"},"query-input":{"@type":"PropertyValueSpecification","valueRequired":true,"valueName":"search_term_string"}}],"inLanguage":"nb-NO"},{"@type":"Organization","@id":"http:\/\/jolek.se\/no\/#organization","name":"Jolek i Tran\u00e5s AB","alternateName":"Jolek AB","url":"http:\/\/jolek.se\/no\/","logo":{"@type":"ImageObject","inLanguage":"nb-NO","@id":"http:\/\/jolek.se\/no\/#\/schema\/logo\/image\/","url":"https:\/\/jolek.se\/wp-content\/uploads\/2026\/02\/jolek-logotyp-bla-scaled.png","contentUrl":"https:\/\/jolek.se\/wp-content\/uploads\/2026\/02\/jolek-logotyp-bla-scaled.png","width":2560,"height":741,"caption":"Jolek i Tran\u00e5s AB"},"image":{"@id":"http:\/\/jolek.se\/no\/#\/schema\/logo\/image\/"},"sameAs":["https:\/\/www.facebook.com\/www.jolek.se","https:\/\/www.linkedin.com\/company\/jolek-ab\/?viewAsMember=true"]}]}},"_links":{"self":[{"href":"https:\/\/jolek.se\/no\/wp-json\/wp\/v2\/pages\/371","targetHints":{"allow":["GET"]}}],"collection":[{"href":"https:\/\/jolek.se\/no\/wp-json\/wp\/v2\/pages"}],"about":[{"href":"https:\/\/jolek.se\/no\/wp-json\/wp\/v2\/types\/page"}],"author":[{"embeddable":true,"href":"https:\/\/jolek.se\/no\/wp-json\/wp\/v2\/users\/1"}],"replies":[{"embeddable":true,"href":"https:\/\/jolek.se\/no\/wp-json\/wp\/v2\/comments?post=371"}],"version-history":[{"count":3,"href":"https:\/\/jolek.se\/no\/wp-json\/wp\/v2\/pages\/371\/revisions"}],"predecessor-version":[{"id":378,"href":"https:\/\/jolek.se\/no\/wp-json\/wp\/v2\/pages\/371\/revisions\/378"}],"wp:attachment":[{"href":"https:\/\/jolek.se\/no\/wp-json\/wp\/v2\/media?parent=371"}],"curies":[{"name":"wp","href":"https:\/\/api.w.org\/{rel}","templated":true}]}}