{"id":373,"date":"2023-06-15T14:01:16","date_gmt":"2023-06-15T14:01:16","guid":{"rendered":"https:\/\/jolek.se\/cookies\/"},"modified":"2025-05-06T12:58:58","modified_gmt":"2025-05-06T12:58:58","slug":"cookies","status":"publish","type":"page","link":"https:\/\/jolek.se\/no\/cookies\/","title":{"rendered":"Cookies"},"content":{"rendered":"<p><a style=\"font-family: inherit; font-size: inherit; font-weight: inherit; color: black; text-decoration: underline; \/* cursor: pointer; \/\/ display: none;\" href=\"#cookie-settings\" data-cc=\"c-settings\">Cookie settings<\/a><\/p>\n<p id=\"tw-target-text\" class=\"tw-data-text tw-text-large tw-ta\" dir=\"ltr\" data-placeholder=\"\u00d6vers\u00e4ttning\"><span class=\"Y2IQFc\" lang=\"no\">En informasjonskapsel (Cookies) er en liten datafil som lagres i nettleseren din p\u00e5 datamaskinen din n\u00e5r du bes\u00f8ker forskjellige nettsteder. Form\u00e5let med \u00e5 bruke informasjonskapsler er \u00e5 gj\u00f8re en digital tjeneste eller side mer brukervennlig og funksjonell. Noen informasjonskapsler brukes for \u00e5 lette lasting av et nettsted, andre hjelper til med \u00e5 velge innhold for en mer personlig opplevelse. Informasjonskapsler kan ogs\u00e5 brukes til \u00e5 oppdage feil p\u00e5 et nettsted eller samle inn viktige data for statistikk. Informasjon lagret i informasjonskapsler er knyttet til datamaskinen din, men er ikke personlig identifiserbar.<\/span><\/p>\n<h4 id=\"tw-target-text\" class=\"tw-data-text tw-text-large tw-ta\" dir=\"ltr\" data-placeholder=\"\u00d6vers\u00e4ttning\"><span class=\"Y2IQFc\" lang=\"no\">Hvilke typer informasjonskapsler finnes det?<\/span><\/h4>\n<p id=\"tw-target-text\" class=\"tw-data-text tw-text-large tw-ta\" dir=\"ltr\" data-placeholder=\"\u00d6vers\u00e4ttning\"><span class=\"Y2IQFc\" lang=\"no\">Det er to generelle typer informasjonskapsler i dag. En type er vedvarende informasjonskapsler som lagrer en datafil p\u00e5 datamaskinen din. Slike informasjonskapsler forblir derfor p\u00e5 datamaskinen din etter at du har lukket nettleseren. Vedvarende informasjonskapsler kan lagre informasjon om for eksempel p\u00e5loggingsdetaljer slik at du ikke trenger \u00e5 skrive inn brukernavn og passord hver gang du bes\u00f8ker et nettsted. Den andre typen er midlertidige informasjonskapsler. Denne typen lagrer kun midlertidig informasjon i l\u00f8pet av tiden du bes\u00f8ker et nettsted. Informasjonen kan for eksempel brukes til \u00e5 holde styr p\u00e5 hvilket spr\u00e5k du \u00f8nsker \u00e5 vise p\u00e5 siden. N\u00e5r du lukker nettleseren, forsvinner ogs\u00e5 informasjonen som er lagret i en midlertidig informasjonskapsel. I tillegg til dette er det tredjeparts informasjonskapsler osv. Tredjeparts informasjonskapsler kan brukes til \u00e5 samle inn informasjon til for eksempel skreddersydde annonser eller statistikk. Slike informasjonskapsler kommer fra tredjeparter, utenfor det aktuelle nettstedet.<\/span><\/p>\n<h4 id=\"tw-target-text\" class=\"tw-data-text tw-text-large tw-ta\" dir=\"ltr\" data-placeholder=\"\u00d6vers\u00e4ttning\"><span class=\"Y2IQFc\" lang=\"no\">Hva sier loven om informasjonskapsler?<\/span><\/h4>\n<p id=\"tw-target-text\" class=\"tw-data-text tw-text-large tw-ta\" dir=\"ltr\" data-placeholder=\"\u00d6vers\u00e4ttning\"><span class=\"Y2IQFc\" lang=\"no\">Lov om elektronisk kommunikasjon sier i korte trekk at alle som bes\u00f8ker et nettsted som bruker informasjonskapsler skal f\u00e5 informasjon om at nettstedet bruker informasjonskapsler, hvilke informasjonskapsler som brukes og hvorfor informasjonskapsler brukes. Du som bes\u00f8kende m\u00e5 ogs\u00e5 gis mulighet til \u00e5 samtykke til bruk av informasjonskapsler.<\/span><\/p>\n<h4 id=\"tw-target-text\" class=\"tw-data-text tw-text-large tw-ta\" dir=\"ltr\" data-placeholder=\"\u00d6vers\u00e4ttning\"><span class=\"Y2IQFc\" lang=\"no\">Hvorfor bruker vi informasjonskapsler?<\/span><\/h4>\n<p id=\"tw-target-text\" class=\"tw-data-text tw-text-large tw-ta\" dir=\"ltr\" data-placeholder=\"\u00d6vers\u00e4ttning\"><span class=\"Y2IQFc\" lang=\"no\">Akkurat som p\u00e5 de fleste andre nettsteder overv\u00e5ker vi ogs\u00e5 nettrafikk gjennom nettstatistikk. For \u00e5 forbedre v\u00e5r egen side og l\u00e6re mer om de bes\u00f8kende, kreves det bruk av en ekstra tredjeparts informasjonskapsel for statistikk. Bolt tar alle n\u00f8dvendige tiltak for \u00e5 beskytte informasjon som samles inn i informasjonskapsler.<\/span><\/p>\n<h4 id=\"tw-target-text\" class=\"tw-data-text tw-text-large tw-ta\" dir=\"ltr\" data-placeholder=\"\u00d6vers\u00e4ttning\"><span class=\"Y2IQFc\" lang=\"no\">Hvilke informasjonskapsler bruker vi?<\/span><\/h4>\n<p id=\"tw-target-text\" class=\"tw-data-text tw-text-large tw-ta\" dir=\"ltr\" data-placeholder=\"\u00d6vers\u00e4ttning\"><span class=\"Y2IQFc\" lang=\"no\">_ga \u2013 Denne informasjonskapselen er ment \u00e5 gj\u00f8re det enklere for oss hvis du er ny p\u00e5 siden. <\/span><\/p>\n<p class=\"tw-data-text tw-text-large tw-ta\" dir=\"ltr\" data-placeholder=\"\u00d6vers\u00e4ttning\"><span class=\"Y2IQFc\" lang=\"no\">_gat \u2013 Form\u00e5let med denne informasjonskapselen er \u00e5 dokumentere hvilke av sidene v\u00e5re du bes\u00f8ker. <\/span><\/p>\n<p class=\"tw-data-text tw-text-large tw-ta\" dir=\"ltr\" data-placeholder=\"\u00d6vers\u00e4ttning\"><span class=\"Y2IQFc\" lang=\"no\">_gid \u2013 Denne informasjonskapselen har som m\u00e5l \u00e5 gi deg en ID. <\/span><\/p>\n<p class=\"tw-data-text tw-text-large tw-ta\" dir=\"ltr\" data-placeholder=\"\u00d6vers\u00e4ttning\"><span class=\"Y2IQFc\" lang=\"no\">pll_language \u2013 Denne informasjonskapselen sjekker hvilket spr\u00e5k som er angitt.<\/span><\/p>\n<h4 id=\"tw-target-text\" class=\"tw-data-text tw-text-large tw-ta\" dir=\"ltr\" data-placeholder=\"\u00d6vers\u00e4ttning\"><span class=\"Y2IQFc\" lang=\"no\">Hvordan administrerer du informasjonskapsler?<\/span><\/h4>\n<p id=\"tw-target-text\" class=\"tw-data-text tw-text-large tw-ta\" dir=\"ltr\" data-placeholder=\"\u00d6vers\u00e4ttning\"><span class=\"Y2IQFc\" lang=\"no\">For \u00e5 kunne bruke nettstedet v\u00e5rt fullt ut, kreves bruk av informasjonskapsler. Du trenger selvf\u00f8lgelig ikke \u00e5 godta dette og kan fortsatt bruke store deler av siden, men noen funksjoner kan deaktiveres. Informasjonskapsler aktiveres automatisk i nettleseren din og du bestemmer selv i hvilken grad du vil at informasjonskapsler skal ha tilgang til datamaskinen og nettleseren din. Hvordan du endrer innstillingene avhenger av hvilken nettleser du bruker og hvilken versjon du har. I innstillingene til nettleseren din kan du tillate eller blokkere informasjonskapsler p\u00e5 hvilken som helst m\u00e5te du vil.<\/span><\/p>\n<h4 id=\"tw-target-text\" class=\"tw-data-text tw-text-large tw-ta\" dir=\"ltr\" data-placeholder=\"\u00d6vers\u00e4ttning\"><span class=\"Y2IQFc\" lang=\"no\">Vil du vite mer om informasjonskapsler?<\/span><\/h4>\n<p id=\"tw-target-text\" class=\"tw-data-text tw-text-large tw-ta\" dir=\"ltr\" data-placeholder=\"\u00d6vers\u00e4ttning\"><span class=\"Y2IQFc\" lang=\"no\">Kontakt oss hvis du har sp\u00f8rsm\u00e5l om informasjonskapsler eller hvis du har andre bekymringer. Du finner v\u00e5re detaljer i bunnteksten.<\/span><\/p>\n","protected":false},"excerpt":{"rendered":"<p>Cookie settings En informasjonskapsel (Cookies) er en liten datafil som lagres i nettleseren din p\u00e5 datamaskinen din n\u00e5r du bes\u00f8ker forskjellige nettsteder. Form\u00e5let med \u00e5 bruke informasjonskapsler er \u00e5 gj\u00f8re en digital tjeneste eller side mer brukervennlig og funksjonell. Noen informasjonskapsler brukes for \u00e5 lette lasting av et nettsted, andre hjelper til med \u00e5 velge [&hellip;]<\/p>\n","protected":false},"author":1,"featured_media":0,"parent":0,"menu_order":0,"comment_status":"closed","ping_status":"closed","template":"","meta":{"_acf_changed":false,"footnotes":""},"class_list":["post-373","page","type-page","status-publish","hentry"],"acf":[],"yoast_head":"<!-- This site is optimized with the Yoast SEO plugin v27.3 - https:\/\/yoast.com\/product\/yoast-seo-wordpress\/ -->\n<title>Cookies - Jolek<\/title>\n<meta name=\"robots\" content=\"index, follow, max-snippet:-1, max-image-preview:large, max-video-preview:-1\" \/>\n<link rel=\"canonical\" href=\"https:\/\/jolek.se\/no\/cookies\/\" \/>\n<meta property=\"og:locale\" content=\"nb_NO\" \/>\n<meta property=\"og:type\" content=\"article\" \/>\n<meta property=\"og:title\" content=\"Cookies - Jolek\" \/>\n<meta property=\"og:description\" content=\"Cookie settings En informasjonskapsel (Cookies) er en liten datafil som lagres i nettleseren din p\u00e5 datamaskinen din n\u00e5r du bes\u00f8ker forskjellige nettsteder. Form\u00e5let med \u00e5 bruke informasjonskapsler er \u00e5 gj\u00f8re en digital tjeneste eller side mer brukervennlig og funksjonell. Noen informasjonskapsler brukes for \u00e5 lette lasting av et nettsted, andre hjelper til med \u00e5 velge [&hellip;]\" \/>\n<meta property=\"og:url\" content=\"https:\/\/jolek.se\/no\/cookies\/\" \/>\n<meta property=\"og:site_name\" content=\"Jolek\" \/>\n<meta property=\"article:publisher\" content=\"https:\/\/www.facebook.com\/www.jolek.se\" \/>\n<meta property=\"article:modified_time\" content=\"2025-05-06T12:58:58+00:00\" \/>\n<meta name=\"twitter:card\" content=\"summary_large_image\" \/>\n<meta name=\"twitter:label1\" content=\"Ansl. lesetid\" \/>\n\t<meta name=\"twitter:data1\" content=\"3 minutter\" \/>\n<script type=\"application\/ld+json\" class=\"yoast-schema-graph\">{\"@context\":\"https:\\\/\\\/schema.org\",\"@graph\":[{\"@type\":\"WebPage\",\"@id\":\"https:\\\/\\\/jolek.se\\\/no\\\/cookies\\\/\",\"url\":\"https:\\\/\\\/jolek.se\\\/no\\\/cookies\\\/\",\"name\":\"Cookies - Jolek\",\"isPartOf\":{\"@id\":\"http:\\\/\\\/jolek.se\\\/no\\\/#website\"},\"datePublished\":\"2023-06-15T14:01:16+00:00\",\"dateModified\":\"2025-05-06T12:58:58+00:00\",\"breadcrumb\":{\"@id\":\"https:\\\/\\\/jolek.se\\\/no\\\/cookies\\\/#breadcrumb\"},\"inLanguage\":\"nb-NO\",\"potentialAction\":[{\"@type\":\"ReadAction\",\"target\":[\"https:\\\/\\\/jolek.se\\\/no\\\/cookies\\\/\"]}]},{\"@type\":\"BreadcrumbList\",\"@id\":\"https:\\\/\\\/jolek.se\\\/no\\\/cookies\\\/#breadcrumb\",\"itemListElement\":[{\"@type\":\"ListItem\",\"position\":1,\"name\":\"Hem\",\"item\":\"http:\\\/\\\/jolek.se\\\/no\\\/\"},{\"@type\":\"ListItem\",\"position\":2,\"name\":\"Cookies\"}]},{\"@type\":\"WebSite\",\"@id\":\"http:\\\/\\\/jolek.se\\\/no\\\/#website\",\"url\":\"http:\\\/\\\/jolek.se\\\/no\\\/\",\"name\":\"Jolek\",\"description\":\"Jolek\",\"publisher\":{\"@id\":\"http:\\\/\\\/jolek.se\\\/no\\\/#organization\"},\"potentialAction\":[{\"@type\":\"SearchAction\",\"target\":{\"@type\":\"EntryPoint\",\"urlTemplate\":\"http:\\\/\\\/jolek.se\\\/no\\\/?s={search_term_string}\"},\"query-input\":{\"@type\":\"PropertyValueSpecification\",\"valueRequired\":true,\"valueName\":\"search_term_string\"}}],\"inLanguage\":\"nb-NO\"},{\"@type\":\"Organization\",\"@id\":\"http:\\\/\\\/jolek.se\\\/no\\\/#organization\",\"name\":\"Jolek i Tran\u00e5s AB\",\"alternateName\":\"Jolek AB\",\"url\":\"http:\\\/\\\/jolek.se\\\/no\\\/\",\"logo\":{\"@type\":\"ImageObject\",\"inLanguage\":\"nb-NO\",\"@id\":\"http:\\\/\\\/jolek.se\\\/no\\\/#\\\/schema\\\/logo\\\/image\\\/\",\"url\":\"https:\\\/\\\/jolek.se\\\/wp-content\\\/uploads\\\/2026\\\/02\\\/jolek-logotyp-bla-scaled.png\",\"contentUrl\":\"https:\\\/\\\/jolek.se\\\/wp-content\\\/uploads\\\/2026\\\/02\\\/jolek-logotyp-bla-scaled.png\",\"width\":2560,\"height\":741,\"caption\":\"Jolek i Tran\u00e5s AB\"},\"image\":{\"@id\":\"http:\\\/\\\/jolek.se\\\/no\\\/#\\\/schema\\\/logo\\\/image\\\/\"},\"sameAs\":[\"https:\\\/\\\/www.facebook.com\\\/www.jolek.se\",\"https:\\\/\\\/www.linkedin.com\\\/company\\\/jolek-ab\\\/?viewAsMember=true\"]}]}<\/script>\n<!-- \/ Yoast SEO plugin. -->","yoast_head_json":{"title":"Cookies - Jolek","robots":{"index":"index","follow":"follow","max-snippet":"max-snippet:-1","max-image-preview":"max-image-preview:large","max-video-preview":"max-video-preview:-1"},"canonical":"https:\/\/jolek.se\/no\/cookies\/","og_locale":"nb_NO","og_type":"article","og_title":"Cookies - Jolek","og_description":"Cookie settings En informasjonskapsel (Cookies) er en liten datafil som lagres i nettleseren din p\u00e5 datamaskinen din n\u00e5r du bes\u00f8ker forskjellige nettsteder. Form\u00e5let med \u00e5 bruke informasjonskapsler er \u00e5 gj\u00f8re en digital tjeneste eller side mer brukervennlig og funksjonell. Noen informasjonskapsler brukes for \u00e5 lette lasting av et nettsted, andre hjelper til med \u00e5 velge [&hellip;]","og_url":"https:\/\/jolek.se\/no\/cookies\/","og_site_name":"Jolek","article_publisher":"https:\/\/www.facebook.com\/www.jolek.se","article_modified_time":"2025-05-06T12:58:58+00:00","twitter_card":"summary_large_image","twitter_misc":{"Ansl. lesetid":"3 minutter"},"schema":{"@context":"https:\/\/schema.org","@graph":[{"@type":"WebPage","@id":"https:\/\/jolek.se\/no\/cookies\/","url":"https:\/\/jolek.se\/no\/cookies\/","name":"Cookies - Jolek","isPartOf":{"@id":"http:\/\/jolek.se\/no\/#website"},"datePublished":"2023-06-15T14:01:16+00:00","dateModified":"2025-05-06T12:58:58+00:00","breadcrumb":{"@id":"https:\/\/jolek.se\/no\/cookies\/#breadcrumb"},"inLanguage":"nb-NO","potentialAction":[{"@type":"ReadAction","target":["https:\/\/jolek.se\/no\/cookies\/"]}]},{"@type":"BreadcrumbList","@id":"https:\/\/jolek.se\/no\/cookies\/#breadcrumb","itemListElement":[{"@type":"ListItem","position":1,"name":"Hem","item":"http:\/\/jolek.se\/no\/"},{"@type":"ListItem","position":2,"name":"Cookies"}]},{"@type":"WebSite","@id":"http:\/\/jolek.se\/no\/#website","url":"http:\/\/jolek.se\/no\/","name":"Jolek","description":"Jolek","publisher":{"@id":"http:\/\/jolek.se\/no\/#organization"},"potentialAction":[{"@type":"SearchAction","target":{"@type":"EntryPoint","urlTemplate":"http:\/\/jolek.se\/no\/?s={search_term_string}"},"query-input":{"@type":"PropertyValueSpecification","valueRequired":true,"valueName":"search_term_string"}}],"inLanguage":"nb-NO"},{"@type":"Organization","@id":"http:\/\/jolek.se\/no\/#organization","name":"Jolek i Tran\u00e5s AB","alternateName":"Jolek AB","url":"http:\/\/jolek.se\/no\/","logo":{"@type":"ImageObject","inLanguage":"nb-NO","@id":"http:\/\/jolek.se\/no\/#\/schema\/logo\/image\/","url":"https:\/\/jolek.se\/wp-content\/uploads\/2026\/02\/jolek-logotyp-bla-scaled.png","contentUrl":"https:\/\/jolek.se\/wp-content\/uploads\/2026\/02\/jolek-logotyp-bla-scaled.png","width":2560,"height":741,"caption":"Jolek i Tran\u00e5s AB"},"image":{"@id":"http:\/\/jolek.se\/no\/#\/schema\/logo\/image\/"},"sameAs":["https:\/\/www.facebook.com\/www.jolek.se","https:\/\/www.linkedin.com\/company\/jolek-ab\/?viewAsMember=true"]}]}},"_links":{"self":[{"href":"https:\/\/jolek.se\/no\/wp-json\/wp\/v2\/pages\/373","targetHints":{"allow":["GET"]}}],"collection":[{"href":"https:\/\/jolek.se\/no\/wp-json\/wp\/v2\/pages"}],"about":[{"href":"https:\/\/jolek.se\/no\/wp-json\/wp\/v2\/types\/page"}],"author":[{"embeddable":true,"href":"https:\/\/jolek.se\/no\/wp-json\/wp\/v2\/users\/1"}],"replies":[{"embeddable":true,"href":"https:\/\/jolek.se\/no\/wp-json\/wp\/v2\/comments?post=373"}],"version-history":[{"count":5,"href":"https:\/\/jolek.se\/no\/wp-json\/wp\/v2\/pages\/373\/revisions"}],"predecessor-version":[{"id":745,"href":"https:\/\/jolek.se\/no\/wp-json\/wp\/v2\/pages\/373\/revisions\/745"}],"wp:attachment":[{"href":"https:\/\/jolek.se\/no\/wp-json\/wp\/v2\/media?parent=373"}],"curies":[{"name":"wp","href":"https:\/\/api.w.org\/{rel}","templated":true}]}}